{"id":5849,"date":"2026-01-05T16:50:58","date_gmt":"2026-01-05T22:50:58","guid":{"rendered":"https:\/\/www.ktecschools.org\/?page_id=5849"},"modified":"2026-01-05T16:52:33","modified_gmt":"2026-01-05T22:52:33","slug":"confirmacion-de-inscripcion-espanol-2026-2027","status":"publish","type":"page","link":"https:\/\/www.ktecschools.org\/es\/confirmacion-de-inscripcion-espanol-2026-2027\/","title":{"rendered":"Confirmaci\u00f3n de Inscripci\u00f3n | Espa\u00f1ol | 2026\/2027"},"content":{"rendered":"<div class=\"fusion-fullwidth fullwidth-box fusion-builder-row-1 fusion-flex-container has-pattern-background has-mask-background nonhundred-percent-fullwidth non-hundred-percent-height-scrolling\" style=\"--awb-border-radius-top-left:0px;--awb-border-radius-top-right:0px;--awb-border-radius-bottom-right:0px;--awb-border-radius-bottom-left:0px;--awb-flex-wrap:wrap;\" ><div class=\"fusion-builder-row fusion-row fusion-flex-align-items-flex-start fusion-flex-content-wrap\" style=\"max-width:1456px;margin-left: calc(-4% \/ 2 );margin-right: calc(-4% \/ 2 );\"><div class=\"fusion-layout-column fusion_builder_column fusion-builder-column-0 awb-sticky awb-sticky-small awb-sticky-medium awb-sticky-large fusion_builder_column_1_1 1_1 fusion-flex-column\" style=\"--awb-padding-top:30px;--awb-padding-right:30px;--awb-padding-bottom:30px;--awb-padding-left:30px;--awb-overflow:hidden;--awb-bg-color:#f9f7f7;--awb-bg-color-hover:#f9f7f7;--awb-bg-size:cover;--awb-box-shadow:0px 0px 2px 2px var(--awb-custom_color_1);;--awb-border-color:var(--awb-custom_color_1);--awb-border-style:solid;--awb-border-radius:10px 10px 10px 10px;--awb-width-large:100%;--awb-margin-top-large:20px;--awb-spacing-right-large:1.92%;--awb-margin-bottom-large:20px;--awb-spacing-left-large:1.92%;--awb-width-medium:100%;--awb-order-medium:0;--awb-spacing-right-medium:1.92%;--awb-spacing-left-medium:1.92%;--awb-width-small:100%;--awb-order-small:0;--awb-spacing-right-small:1.92%;--awb-spacing-left-small:1.92%;--awb-sticky-offset:20px;\" data-scroll-devices=\"small-visibility,medium-visibility,large-visibility\"><div class=\"fusion-column-wrapper fusion-column-has-shadow fusion-flex-justify-content-flex-start fusion-content-layout-column\"><div class=\"fusion-title title fusion-title-1 fusion-title-center fusion-title-text fusion-title-size-one\" style=\"--awb-text-color:var(--awb-color8);--awb-margin-top-small:0px;--awb-margin-right-small:0px;--awb-margin-bottom-small:20px;--awb-margin-left-small:0px;\"><div class=\"title-sep-container title-sep-container-left\"><div class=\"title-sep sep- sep-solid\" style=\"border-color:var(--awb-color3);\"><\/div><\/div><span class=\"awb-title-spacer\"><\/span><h1 class=\"fusion-title-heading title-heading-center fusion-responsive-typography-calculated\" style=\"margin:0;--fontSize:40;line-height:var(--awb-typography1-line-height);\"><strong>Confirmaci\u00f3n de Inscripci\u00f3n<\/strong><\/h1><span class=\"awb-title-spacer\"><\/span><div class=\"title-sep-container title-sep-container-right\"><div class=\"title-sep sep- sep-solid\" style=\"border-color:var(--awb-color3);\"><\/div><\/div><\/div><div class=\"fusion-text fusion-text-1\"><p data-start=\"0\" data-end=\"61\"><strong data-start=\"0\" data-end=\"61\">Felicitaciones y Bienvenidos a KTEC Schools of Innovation<\/strong><\/p>\n<p data-start=\"63\" data-end=\"208\">Nos complace anunciar que su estudiante ha sido seleccionado(a) para ser admitido(a) en KTEC Schools of Innovation para el a\u00f1o escolar 2026\u20132027.<\/p>\n<p data-start=\"210\" data-end=\"241\"><strong data-start=\"210\" data-end=\"241\">\u00bfQu\u00e9 sucede a continuaci\u00f3n?<\/strong><\/p>\n<p data-start=\"243\" data-end=\"404\">Si acepta este cupo para el pr\u00f3ximo a\u00f1o escolar, por favor complete y devuelva el Formulario de Inscripci\u00f3n adjunto en el correo electr\u00f3nico que est\u00e1 recibiendo.<\/p>\n<p data-start=\"406\" data-end=\"473\">Adem\u00e1s, proporcione copias de la siguiente documentaci\u00f3n requerida:<\/p>\n<ul data-start=\"475\" data-end=\"693\">\n<li data-start=\"475\" data-end=\"653\">\n<p data-start=\"477\" data-end=\"653\">Comprobante de residencia en Wisconsin<br data-start=\"515\" data-end=\"518\" \/>(por ejemplo, t\u00edtulo actual o estado de cuenta de hipoteca, contrato de arrendamiento vigente o factura de servicios p\u00fablicos actual)<\/p>\n<\/li>\n<li data-start=\"655\" data-end=\"693\">\n<p data-start=\"657\" data-end=\"693\">Registro de vacunaci\u00f3n de su hijo(a)<\/p>\n<\/li>\n<\/ul>\n<p data-start=\"695\" data-end=\"752\">Los formularios y documentos completados pueden enviarse:<\/p>\n<ul data-start=\"754\" data-end=\"882\">\n<li data-start=\"754\" data-end=\"820\">\n<p data-start=\"756\" data-end=\"820\">Por correo electr\u00f3nico a <strong data-start=\"781\" data-end=\"815\"><a class=\"decorated-link cursor-pointer\" rel=\"noopener\" data-start=\"783\" data-end=\"813\">liliana.tenuta@ktecschools.org<\/a><\/strong>, o<\/p>\n<\/li>\n<li data-start=\"821\" data-end=\"882\">\n<p data-start=\"823\" data-end=\"882\">Entregarse en persona en la oficina de <strong data-start=\"862\" data-end=\"882\">Instituto KTEC<\/strong><\/p>\n<\/li>\n<\/ul>\n<p data-start=\"884\" data-end=\"1067\">Si ha decidido no aceptar este cupo, por favor complete el formulario adjunto indicando que est\u00e1 rechazando el cupo en KTEC Schools of Innovation y devu\u00e9lvalo seg\u00fan las instrucciones.<\/p>\n<p data-start=\"1069\" data-end=\"1116\"><strong data-start=\"1069\" data-end=\"1116\">Estamos emocionados de darles la bienvenida<\/strong><\/p>\n<p data-start=\"1118\" data-end=\"1474\">Estamos muy emocionados de dar la bienvenida a su estudiante a la familia KTEC y agradecemos la confianza que deposita en nuestros educadores dedicados para brindar una educaci\u00f3n t\u00e9cnica enfocada en habilidades de alto nivel. Esperamos colaborar con usted para apoyar el camino educativo de su hijo(a) y sus aspiraciones acad\u00e9micas y profesionales futuras.<\/p>\n<p data-start=\"1476\" data-end=\"1491\"><strong data-start=\"1476\" data-end=\"1491\">\u00bfPreguntas?<\/strong><\/p>\n<p data-start=\"1493\" data-end=\"1605\">Si tiene alguna pregunta o necesita asistencia en cualquier momento durante este proceso, por favor cont\u00e1ctenos:<\/p>\n<p data-start=\"1607\" data-end=\"1684\">Tel\u00e9fono: 262-286-0320<br data-start=\"1629\" data-end=\"1632\" \/>Correo electr\u00f3nico: <a class=\"decorated-link cursor-pointer\" rel=\"noopener\" data-start=\"1652\" data-end=\"1682\">liliana.tenuta@ktecschools.org<\/a><\/p>\n<p data-start=\"1686\" data-end=\"1765\" data-is-last-node=\"\" data-is-only-node=\"\">Esperamos tener noticias suyas y comenzar juntos este emocionante pr\u00f3ximo paso.<\/p>\n<\/div><\/div><\/div><\/div><\/div>","protected":false},"excerpt":{"rendered":"","protected":false},"author":1,"featured_media":0,"parent":0,"menu_order":0,"comment_status":"closed","ping_status":"closed","template":"100-width.php","meta":{"footnotes":""},"folder":[40],"class_list":["post-5849","page","type-page","status-publish","hentry"],"yoast_head":"<!-- This site is optimized with the Yoast SEO plugin v27.5 - https:\/\/yoast.com\/product\/yoast-seo-wordpress\/ -->\n<title>Confirmaci\u00f3n de Inscripci\u00f3n | Espa\u00f1ol | 2026\/2027 - KTEC Schools of Innovation<\/title>\n<meta name=\"description\" content=\"Confirme la inscripci\u00f3n de su estudiante en KTEC Schools of Innovation para el a\u00f1o escolar 2026-2027.\" \/>\n<meta name=\"robots\" content=\"index, follow, max-snippet:-1, max-image-preview:large, max-video-preview:-1\" \/>\n<link rel=\"canonical\" href=\"http:\/\/www.ktecschools.org\/es\/confirmacion-de-inscripcion-espanol-2026-2027\/\" \/>\n<meta property=\"og:locale\" content=\"es_MX\" \/>\n<meta property=\"og:type\" content=\"article\" \/>\n<meta property=\"og:title\" content=\"Confirmaci\u00f3n de Inscripci\u00f3n | Espa\u00f1ol | 2026\/2027 - KTEC Schools of Innovation\" \/>\n<meta property=\"og:description\" content=\"Confirme la inscripci\u00f3n de su estudiante en KTEC Schools of Innovation para el a\u00f1o escolar 2026-2027.\" \/>\n<meta property=\"og:url\" content=\"http:\/\/www.ktecschools.org\/es\/confirmacion-de-inscripcion-espanol-2026-2027\/\" \/>\n<meta property=\"og:site_name\" content=\"KTEC Schools of Innovation\" \/>\n<meta property=\"article:modified_time\" content=\"2026-01-05T22:52:33+00:00\" \/>\n<meta property=\"og:image\" content=\"https:\/\/www.ktecschools.org\/wp-content\/uploads\/2025\/01\/KTEC_Home-Yoast_011725_01-png.webp\" \/>\n\t<meta property=\"og:image:width\" content=\"1920\" \/>\n\t<meta property=\"og:image:height\" content=\"1080\" \/>\n\t<meta property=\"og:image:type\" content=\"image\/png\" \/>\n<meta name=\"twitter:card\" content=\"summary_large_image\" \/>\n<meta name=\"twitter:label1\" content=\"Tiempo de lectura\" \/>\n\t<meta name=\"twitter:data1\" content=\"2 minutos\" \/>\n<script type=\"application\/ld+json\" class=\"yoast-schema-graph\">{\"@context\":\"https:\\\/\\\/schema.org\",\"@graph\":[{\"@type\":\"WebPage\",\"@id\":\"http:\\\/\\\/www.ktecschools.org\\\/confirmacion-de-inscripcion-espanol-2026-2027\\\/\",\"url\":\"http:\\\/\\\/www.ktecschools.org\\\/confirmacion-de-inscripcion-espanol-2026-2027\\\/\",\"name\":\"Confirmaci\u00f3n de Inscripci\u00f3n | Espa\u00f1ol | 2026\\\/2027 - KTEC Schools of Innovation\",\"isPartOf\":{\"@id\":\"https:\\\/\\\/www.ktecschools.org\\\/#website\"},\"datePublished\":\"2026-01-05T22:50:58+00:00\",\"dateModified\":\"2026-01-05T22:52:33+00:00\",\"description\":\"Confirme la inscripci\u00f3n de su estudiante en KTEC Schools of Innovation para el a\u00f1o escolar 2026-2027.\",\"breadcrumb\":{\"@id\":\"http:\\\/\\\/www.ktecschools.org\\\/confirmacion-de-inscripcion-espanol-2026-2027\\\/#breadcrumb\"},\"inLanguage\":\"es\",\"potentialAction\":[{\"@type\":\"ReadAction\",\"target\":[\"http:\\\/\\\/www.ktecschools.org\\\/confirmacion-de-inscripcion-espanol-2026-2027\\\/\"]}]},{\"@type\":\"BreadcrumbList\",\"@id\":\"http:\\\/\\\/www.ktecschools.org\\\/confirmacion-de-inscripcion-espanol-2026-2027\\\/#breadcrumb\",\"itemListElement\":[{\"@type\":\"ListItem\",\"position\":1,\"name\":\"Home\",\"item\":\"https:\\\/\\\/www.ktecschools.org\\\/\"},{\"@type\":\"ListItem\",\"position\":2,\"name\":\"Confirmaci\u00f3n de Inscripci\u00f3n | Espa\u00f1ol | 2026\\\/2027\"}]},{\"@type\":\"WebSite\",\"@id\":\"https:\\\/\\\/www.ktecschools.org\\\/#website\",\"url\":\"https:\\\/\\\/www.ktecschools.org\\\/\",\"name\":\"KTEC Schools of Innovation\",\"description\":\"Educating the Innovators of Tomorrow, Today\",\"publisher\":{\"@id\":\"https:\\\/\\\/www.ktecschools.org\\\/#organization\"},\"potentialAction\":[{\"@type\":\"SearchAction\",\"target\":{\"@type\":\"EntryPoint\",\"urlTemplate\":\"https:\\\/\\\/www.ktecschools.org\\\/?s={search_term_string}\"},\"query-input\":{\"@type\":\"PropertyValueSpecification\",\"valueRequired\":true,\"valueName\":\"search_term_string\"}}],\"inLanguage\":\"es\"},{\"@type\":\"Organization\",\"@id\":\"https:\\\/\\\/www.ktecschools.org\\\/#organization\",\"name\":\"KTEC\",\"url\":\"https:\\\/\\\/www.ktecschools.org\\\/\",\"logo\":{\"@type\":\"ImageObject\",\"inLanguage\":\"es\",\"@id\":\"https:\\\/\\\/www.ktecschools.org\\\/#\\\/schema\\\/logo\\\/image\\\/\",\"url\":\"https:\\\/\\\/www.ktecschools.org\\\/wp-content\\\/uploads\\\/2022\\\/08\\\/KTEC_HSpreviewimage_082622-1.jpg\",\"contentUrl\":\"https:\\\/\\\/www.ktecschools.org\\\/wp-content\\\/uploads\\\/2022\\\/08\\\/KTEC_HSpreviewimage_082622-1.jpg\",\"width\":1200,\"height\":630,\"caption\":\"KTEC\"},\"image\":{\"@id\":\"https:\\\/\\\/www.ktecschools.org\\\/#\\\/schema\\\/logo\\\/image\\\/\"}}]}<\/script>\n<!-- \/ Yoast SEO plugin. -->","yoast_head_json":{"title":"Confirmaci\u00f3n de Inscripci\u00f3n | Espa\u00f1ol | 2026\/2027 - KTEC Schools of Innovation","description":"Confirme la inscripci\u00f3n de su estudiante en KTEC Schools of Innovation para el a\u00f1o escolar 2026-2027.","robots":{"index":"index","follow":"follow","max-snippet":"max-snippet:-1","max-image-preview":"max-image-preview:large","max-video-preview":"max-video-preview:-1"},"canonical":"http:\/\/www.ktecschools.org\/es\/confirmacion-de-inscripcion-espanol-2026-2027\/","og_locale":"es_MX","og_type":"article","og_title":"Confirmaci\u00f3n de Inscripci\u00f3n | Espa\u00f1ol | 2026\/2027 - KTEC Schools of Innovation","og_description":"Confirme la inscripci\u00f3n de su estudiante en KTEC Schools of Innovation para el a\u00f1o escolar 2026-2027.","og_url":"http:\/\/www.ktecschools.org\/es\/confirmacion-de-inscripcion-espanol-2026-2027\/","og_site_name":"KTEC Schools of Innovation","article_modified_time":"2026-01-05T22:52:33+00:00","og_image":[{"width":1920,"height":1080,"url":"https:\/\/www.ktecschools.org\/wp-content\/uploads\/2025\/01\/KTEC_Home-Yoast_011725_01-png.webp","type":"image\/png"}],"twitter_card":"summary_large_image","twitter_misc":{"Tiempo de lectura":"2 minutos"},"schema":{"@context":"https:\/\/schema.org","@graph":[{"@type":"WebPage","@id":"http:\/\/www.ktecschools.org\/confirmacion-de-inscripcion-espanol-2026-2027\/","url":"http:\/\/www.ktecschools.org\/confirmacion-de-inscripcion-espanol-2026-2027\/","name":"Confirmaci\u00f3n de Inscripci\u00f3n | Espa\u00f1ol | 2026\/2027 - KTEC Schools of Innovation","isPartOf":{"@id":"https:\/\/www.ktecschools.org\/#website"},"datePublished":"2026-01-05T22:50:58+00:00","dateModified":"2026-01-05T22:52:33+00:00","description":"Confirme la inscripci\u00f3n de su estudiante en KTEC Schools of Innovation para el a\u00f1o escolar 2026-2027.","breadcrumb":{"@id":"http:\/\/www.ktecschools.org\/confirmacion-de-inscripcion-espanol-2026-2027\/#breadcrumb"},"inLanguage":"es","potentialAction":[{"@type":"ReadAction","target":["http:\/\/www.ktecschools.org\/confirmacion-de-inscripcion-espanol-2026-2027\/"]}]},{"@type":"BreadcrumbList","@id":"http:\/\/www.ktecschools.org\/confirmacion-de-inscripcion-espanol-2026-2027\/#breadcrumb","itemListElement":[{"@type":"ListItem","position":1,"name":"Home","item":"https:\/\/www.ktecschools.org\/"},{"@type":"ListItem","position":2,"name":"Confirmaci\u00f3n de Inscripci\u00f3n | Espa\u00f1ol | 2026\/2027"}]},{"@type":"WebSite","@id":"https:\/\/www.ktecschools.org\/#website","url":"https:\/\/www.ktecschools.org\/","name":"Escuelas de Innovaci\u00f3n KTEC","description":"Educar hoy a los innovadores del ma\u00f1ana","publisher":{"@id":"https:\/\/www.ktecschools.org\/#organization"},"potentialAction":[{"@type":"SearchAction","target":{"@type":"EntryPoint","urlTemplate":"https:\/\/www.ktecschools.org\/?s={search_term_string}"},"query-input":{"@type":"PropertyValueSpecification","valueRequired":true,"valueName":"search_term_string"}}],"inLanguage":"es"},{"@type":"Organization","@id":"https:\/\/www.ktecschools.org\/#organization","name":"KTEC","url":"https:\/\/www.ktecschools.org\/","logo":{"@type":"ImageObject","inLanguage":"es","@id":"https:\/\/www.ktecschools.org\/#\/schema\/logo\/image\/","url":"https:\/\/www.ktecschools.org\/wp-content\/uploads\/2022\/08\/KTEC_HSpreviewimage_082622-1.jpg","contentUrl":"https:\/\/www.ktecschools.org\/wp-content\/uploads\/2022\/08\/KTEC_HSpreviewimage_082622-1.jpg","width":1200,"height":630,"caption":"KTEC"},"image":{"@id":"https:\/\/www.ktecschools.org\/#\/schema\/logo\/image\/"}}]}},"_links":{"self":[{"href":"https:\/\/www.ktecschools.org\/es\/wp-json\/wp\/v2\/pages\/5849","targetHints":{"allow":["GET"]}}],"collection":[{"href":"https:\/\/www.ktecschools.org\/es\/wp-json\/wp\/v2\/pages"}],"about":[{"href":"https:\/\/www.ktecschools.org\/es\/wp-json\/wp\/v2\/types\/page"}],"author":[{"embeddable":true,"href":"https:\/\/www.ktecschools.org\/es\/wp-json\/wp\/v2\/users\/1"}],"replies":[{"embeddable":true,"href":"https:\/\/www.ktecschools.org\/es\/wp-json\/wp\/v2\/comments?post=5849"}],"version-history":[{"count":2,"href":"https:\/\/www.ktecschools.org\/es\/wp-json\/wp\/v2\/pages\/5849\/revisions"}],"predecessor-version":[{"id":5852,"href":"https:\/\/www.ktecschools.org\/es\/wp-json\/wp\/v2\/pages\/5849\/revisions\/5852"}],"wp:attachment":[{"href":"https:\/\/www.ktecschools.org\/es\/wp-json\/wp\/v2\/media?parent=5849"}],"wp:term":[{"taxonomy":"folder","embeddable":true,"href":"https:\/\/www.ktecschools.org\/es\/wp-json\/wp\/v2\/folder?post=5849"}],"curies":[{"name":"wp","href":"https:\/\/api.w.org\/{rel}","templated":true}]}}