{"id":5352,"date":"2025-07-11T10:36:35","date_gmt":"2025-07-11T15:36:35","guid":{"rendered":"https:\/\/www.ktecschools.org\/?page_id=5352"},"modified":"2025-07-11T10:36:35","modified_gmt":"2025-07-11T15:36:35","slug":"karre-feuker","status":"publish","type":"page","link":"https:\/\/www.ktecschools.org\/es\/staff\/karre-feuker\/","title":{"rendered":"Karre Feuker"},"content":{"rendered":"<div class=\"fusion-fullwidth fullwidth-box fusion-builder-row-1 fusion-flex-container has-pattern-background has-mask-background nonhundred-percent-fullwidth non-hundred-percent-height-scrolling\" style=\"--awb-border-radius-top-left:0px;--awb-border-radius-top-right:0px;--awb-border-radius-bottom-right:0px;--awb-border-radius-bottom-left:0px;--awb-margin-top:60px;--awb-flex-wrap:wrap;\" ><div class=\"fusion-builder-row fusion-row fusion-flex-align-items-flex-start fusion-flex-content-wrap\" style=\"max-width:1456px;margin-left: calc(-4% \/ 2 );margin-right: calc(-4% \/ 2 );\"><div class=\"fusion-layout-column fusion_builder_column fusion-builder-column-0 fusion_builder_column_1_3 1_3 fusion-flex-column\" style=\"--awb-bg-size:cover;--awb-width-large:33.333333333333%;--awb-margin-top-large:0px;--awb-spacing-right-large:5.76%;--awb-margin-bottom-large:20px;--awb-spacing-left-large:5.76%;--awb-width-medium:100%;--awb-order-medium:0;--awb-spacing-right-medium:1.92%;--awb-spacing-left-medium:1.92%;--awb-width-small:100%;--awb-order-small:0;--awb-spacing-right-small:1.92%;--awb-spacing-left-small:1.92%;\"><div class=\"fusion-column-wrapper fusion-column-has-shadow fusion-flex-justify-content-flex-start fusion-content-layout-column\"><div class=\"fusion-image-element\" style=\"--awb-margin-bottom:40px;--awb-caption-title-font-family:var(--h2_typography-font-family);--awb-caption-title-font-weight:var(--h2_typography-font-weight);--awb-caption-title-font-style:var(--h2_typography-font-style);--awb-caption-title-size:var(--h2_typography-font-size);--awb-caption-title-transform:var(--h2_typography-text-transform);--awb-caption-title-line-height:var(--h2_typography-line-height);--awb-caption-title-letter-spacing:var(--h2_typography-letter-spacing);\"><span class=\"fusion-imageframe imageframe-none imageframe-1 hover-type-none\"><img decoding=\"async\" width=\"1250\" height=\"1250\" alt=\"Karre Feuker Headshot\" title=\"Karre Feuker Headshot\" src=\"https:\/\/www.ktecschools.org\/wp-content\/uploads\/2025\/04\/KTEC-Headshots_NEW-KarreFeuker-png.webp\" data-orig-src=\"https:\/\/www.ktecschools.org\/wp-content\/uploads\/2025\/04\/KTEC-Headshots_NEW-KarreFeuker-png.webp\" class=\"lazyload img-responsive wp-image-4927\" srcset=\"data:image\/svg+xml,%3Csvg%20xmlns%3D%27http%3A%2F%2Fwww.w3.org%2F2000%2Fsvg%27%20width%3D%271250%27%20height%3D%271250%27%20viewBox%3D%270%200%201250%201250%27%3E%3Crect%20width%3D%271250%27%20height%3D%271250%27%20fill-opacity%3D%220%22%2F%3E%3C%2Fsvg%3E\" data-srcset=\"https:\/\/www.ktecschools.org\/wp-content\/uploads\/2025\/04\/KTEC-Headshots_NEW-KarreFeuker-200x200.webp 200w, https:\/\/www.ktecschools.org\/wp-content\/uploads\/2025\/04\/KTEC-Headshots_NEW-KarreFeuker-400x400.webp 400w, https:\/\/www.ktecschools.org\/wp-content\/uploads\/2025\/04\/KTEC-Headshots_NEW-KarreFeuker-600x600.webp 600w, https:\/\/www.ktecschools.org\/wp-content\/uploads\/2025\/04\/KTEC-Headshots_NEW-KarreFeuker-800x800.webp 800w, https:\/\/www.ktecschools.org\/wp-content\/uploads\/2025\/04\/KTEC-Headshots_NEW-KarreFeuker-1200x1200.webp 1200w, https:\/\/www.ktecschools.org\/wp-content\/uploads\/2025\/04\/KTEC-Headshots_NEW-KarreFeuker-png.webp 1250w\" data-sizes=\"auto\" data-orig-sizes=\"(max-width: 1145px) 100vw, (max-width: 880px) 100vw, 600px\" \/><\/span><\/div><ul style=\"--awb-size:21px;--awb-iconcolor:var(--awb-color8);--awb-line-height:35.7px;--awb-icon-width:35.7px;--awb-icon-height:35.7px;--awb-icon-margin:14.7px;--awb-content-margin:50.4px;\" class=\"fusion-checklist fusion-checklist-1 fusion-checklist-default type-icons\"><li class=\"fusion-li-item\" style=\"\"><span class=\"icon-wrapper circle-no\"><i class=\"fusion-li-icon fa-envelope fas\" aria-hidden=\"true\"><\/i><\/span><div class=\"fusion-li-item-content\">\n<p><a href=\"mailto:karre.feuker@ktecschools.org\">karre.feuker@ktecschools.org<\/a><\/p>\n<\/div><\/li><\/ul><\/div><\/div><div class=\"fusion-layout-column fusion_builder_column fusion-builder-column-1 fusion_builder_column_2_3 2_3 fusion-flex-column\" style=\"--awb-bg-size:cover;--awb-width-large:66.666666666667%;--awb-margin-top-large:0px;--awb-spacing-right-large:2.88%;--awb-margin-bottom-large:20px;--awb-spacing-left-large:2.88%;--awb-width-medium:100%;--awb-order-medium:0;--awb-spacing-right-medium:1.92%;--awb-spacing-left-medium:1.92%;--awb-width-small:100%;--awb-order-small:0;--awb-spacing-right-small:1.92%;--awb-spacing-left-small:1.92%;\"><div class=\"fusion-column-wrapper fusion-column-has-shadow fusion-flex-justify-content-flex-start fusion-content-layout-column\"><div class=\"fusion-title title fusion-title-1 fusion-title-text fusion-title-size-one\" style=\"--awb-margin-bottom:10px;--awb-margin-top-small:0px;--awb-margin-right-small:0px;--awb-margin-bottom-small:20px;--awb-margin-left-small:0px;\"><div class=\"title-sep-container title-sep-container-left fusion-no-large-visibility fusion-no-medium-visibility fusion-no-small-visibility\"><div class=\"title-sep sep- sep-solid\" style=\"border-color:var(--awb-color3);\"><\/div><\/div><span class=\"awb-title-spacer fusion-no-large-visibility fusion-no-medium-visibility fusion-no-small-visibility\"><\/span><h1 class=\"fusion-title-heading title-heading-left fusion-responsive-typography-calculated\" style=\"font-family:&quot;Roboto&quot;;font-style:normal;font-weight:700;margin:0;--fontSize:40;line-height:var(--awb-typography1-line-height);\">Karre Feuker<\/h1><span class=\"awb-title-spacer\"><\/span><div class=\"title-sep-container title-sep-container-right\"><div class=\"title-sep sep- sep-solid\" style=\"border-color:var(--awb-color3);\"><\/div><\/div><\/div><div class=\"fusion-title title fusion-title-2 fusion-title-text fusion-title-size-three\" style=\"--awb-margin-top-small:0px;--awb-margin-right-small:0px;--awb-margin-bottom-small:20px;--awb-margin-left-small:0px;\"><div class=\"title-sep-container title-sep-container-left fusion-no-large-visibility fusion-no-medium-visibility fusion-no-small-visibility\"><div class=\"title-sep sep- sep-solid\" style=\"border-color:var(--awb-color3);\"><\/div><\/div><span class=\"awb-title-spacer fusion-no-large-visibility fusion-no-medium-visibility fusion-no-small-visibility\"><\/span><h3 class=\"fusion-title-heading title-heading-left fusion-responsive-typography-calculated\" style=\"margin:0;--fontSize:24;--minFontSize:24;line-height:var(--awb-typography2-line-height);\">Principal<\/h3><span class=\"awb-title-spacer\"><\/span><div class=\"title-sep-container title-sep-container-right\"><div class=\"title-sep sep- sep-solid\" style=\"border-color:var(--awb-color3);\"><\/div><\/div><\/div><div class=\"fusion-text fusion-text-1\"><p>La experiencia profesional de Feuker abarca m\u00e1s de dos d\u00e9cadas en el \u00e1mbito de la educaci\u00f3n y, m\u00e1s recientemente, ha sido profesora de educaci\u00f3n en los institutos Case y Horlick del Distrito Escolar Unificado de Racine (RUSD). Tambi\u00e9n ocup\u00f3 puestos de liderazgo en varias escuelas RUSD, incluidas Starbuck Middle School, Gilmore Fine Arts y Olympia Brown Elementary. De 2019 a 2024, se desempe\u00f1\u00f3 como directora asociada en Union Grove High School, donde lanz\u00f3 un comit\u00e9 directivo de salud mental para apoyar el bienestar de los estudiantes a trav\u00e9s de asociaciones comunitarias.<\/p>\n<\/div><div class=\"fusion-separator fusion-full-width-sep\" style=\"align-self: center;margin-left: auto;margin-right: auto;margin-top:10px;margin-bottom:10px;width:100%;\"><div class=\"fusion-separator-border sep-single sep-solid\" style=\"--awb-height:20px;--awb-amount:20px;--awb-sep-color:var(--awb-custom_color_1);border-color:var(--awb-custom_color_1);border-top-width:1px;\"><\/div><\/div><div class=\"fusion-text fusion-text-2\"><h3><em>\"He elegido unirme a KTEC por su enfoque \u00fanico del aprendizaje impulsado por los estudiantes\", dijo Feuker. \"KTEC difumina las l\u00edneas de un aula tradicional centr\u00e1ndose en la educaci\u00f3n basada en competencias que ayuda a los estudiantes a alcanzar sus objetivos a trav\u00e9s de un aprendizaje significativo y pr\u00e1ctico\".<\/em><\/h3>\n<\/div><div class=\"fusion-separator fusion-full-width-sep\" style=\"align-self: center;margin-left: auto;margin-right: auto;margin-top:10px;margin-bottom:30px;width:100%;\"><div class=\"fusion-separator-border sep-single sep-solid\" style=\"--awb-height:20px;--awb-amount:20px;--awb-sep-color:var(--awb-custom_color_1);border-color:var(--awb-custom_color_1);border-top-width:1px;\"><\/div><\/div><div class=\"fusion-text fusion-text-3\"><p>Feuker posee un m\u00e1ster en Ciencias de la Educaci\u00f3n por la Universidad Concordia de Mequon, un m\u00e1ster en Administraci\u00f3n de Empresas por la Universidad de Wisconsin-Parkside y una licenciatura en Administraci\u00f3n de Empresas y Comunicaci\u00f3n Gr\u00e1fica por el St. Norbert College. Tambi\u00e9n complet\u00f3 el programa de licencias basado en la competencia a trav\u00e9s de Silver Lake College y CESA 1.<\/p>\n<p>Profundamente vinculada a la zona de Kenosha, Feuker no es ajena a la comunidad local. Su marido es un antiguo alumno de Bradford High School y graduado de Carthage College, y ella colabora actualmente con el personal de Gateway Technical College, UW-Parkside y Carthage a trav\u00e9s de su funci\u00f3n de ense\u00f1anza de cr\u00e9ditos transcritos.<\/p>\n<p>Feuker tambi\u00e9n aporta un esp\u00edritu emprendedor, ya que ha sido propietaria de una tienda de yogur helado y de varios gimnasios, adem\u00e1s de una s\u00f3lida experiencia en innovaci\u00f3n curricular. Desempe\u00f1\u00f3 un papel clave en el desarrollo de programas de secundaria alineados con el modelo de Academias de Secundaria RUSD y coordin\u00f3 estrategias de cohortes de estudiantes para apoyar relaciones m\u00e1s fuertes entre profesores y estudiantes.<\/p>\n<p>Mientras KTEC sigue creciendo, Feuker est\u00e1 entusiasmada por dirigir una comunidad escolar en la que la innovaci\u00f3n, la equidad y la excelencia sean la norma.<\/p>\n<p>\"Es un honor formar parte del equipo de KTEC\", afirm\u00f3. \"Juntos, vamos a redefinir c\u00f3mo es la educaci\u00f3n de alta calidad, no solo en Kenosha, sino en todo el pa\u00eds\".<\/p>\n<\/div><\/div><\/div><\/div><\/div>","protected":false},"excerpt":{"rendered":"","protected":false},"author":1,"featured_media":4849,"parent":1068,"menu_order":0,"comment_status":"closed","ping_status":"closed","template":"","meta":{"footnotes":""},"folder":[],"class_list":["post-5352","page","type-page","status-publish","has-post-thumbnail","hentry"],"yoast_head":"<!-- This site is optimized with the Yoast SEO plugin v27.2 - https:\/\/yoast.com\/product\/yoast-seo-wordpress\/ -->\n<title>Karre Feuker - KTEC Schools of Innovation<\/title>\n<meta name=\"robots\" content=\"index, follow, max-snippet:-1, max-image-preview:large, max-video-preview:-1\" \/>\n<link rel=\"canonical\" href=\"https:\/\/www.ktecschools.org\/es\/personal\/karre-feuker\/\" \/>\n<meta property=\"og:locale\" content=\"es_MX\" \/>\n<meta property=\"og:type\" content=\"article\" \/>\n<meta property=\"og:title\" content=\"Karre Feuker - KTEC Schools of Innovation\" \/>\n<meta property=\"og:url\" content=\"https:\/\/www.ktecschools.org\/es\/personal\/karre-feuker\/\" \/>\n<meta property=\"og:site_name\" content=\"KTEC Schools of Innovation\" \/>\n<meta property=\"og:image\" content=\"https:\/\/www.ktecschools.org\/wp-content\/uploads\/2025\/04\/Feuker-Intro_16x9-png.webp\" \/>\n\t<meta property=\"og:image:width\" content=\"1920\" \/>\n\t<meta property=\"og:image:height\" content=\"1080\" \/>\n\t<meta property=\"og:image:type\" content=\"image\/png\" \/>\n<meta name=\"twitter:card\" content=\"summary_large_image\" \/>\n<meta name=\"twitter:label1\" content=\"Tiempo de lectura\" \/>\n\t<meta name=\"twitter:data1\" content=\"2 minutos\" \/>\n<script type=\"application\/ld+json\" class=\"yoast-schema-graph\">{\"@context\":\"https:\/\/schema.org\",\"@graph\":[{\"@type\":\"WebPage\",\"@id\":\"https:\/\/www.ktecschools.org\/es\/staff\/karre-feuker\/\",\"url\":\"https:\/\/www.ktecschools.org\/es\/staff\/karre-feuker\/\",\"name\":\"Karre Feuker - KTEC Schools of Innovation\",\"isPartOf\":{\"@id\":\"https:\/\/www.ktecschools.org\/#website\"},\"primaryImageOfPage\":{\"@id\":\"https:\/\/www.ktecschools.org\/es\/staff\/karre-feuker\/#primaryimage\"},\"image\":{\"@id\":\"https:\/\/www.ktecschools.org\/es\/staff\/karre-feuker\/#primaryimage\"},\"thumbnailUrl\":\"https:\/\/www.ktecschools.org\/wp-content\/uploads\/2025\/04\/Keuker-Intro-Post-042825_02-png.webp\",\"datePublished\":\"2025-07-11T15:36:35+00:00\",\"breadcrumb\":{\"@id\":\"https:\/\/www.ktecschools.org\/es\/staff\/karre-feuker\/#breadcrumb\"},\"inLanguage\":\"es\",\"potentialAction\":[{\"@type\":\"ReadAction\",\"target\":[\"https:\/\/www.ktecschools.org\/es\/staff\/karre-feuker\/\"]}]},{\"@type\":\"ImageObject\",\"inLanguage\":\"es\",\"@id\":\"https:\/\/www.ktecschools.org\/es\/staff\/karre-feuker\/#primaryimage\",\"url\":\"https:\/\/www.ktecschools.org\/wp-content\/uploads\/2025\/04\/Keuker-Intro-Post-042825_02-png.webp\",\"contentUrl\":\"https:\/\/www.ktecschools.org\/wp-content\/uploads\/2025\/04\/Keuker-Intro-Post-042825_02-png.webp\",\"width\":1920,\"height\":1080,\"caption\":\"Keuker Intro Post 042825 02\"},{\"@type\":\"BreadcrumbList\",\"@id\":\"https:\/\/www.ktecschools.org\/es\/staff\/karre-feuker\/#breadcrumb\",\"itemListElement\":[{\"@type\":\"ListItem\",\"position\":1,\"name\":\"Home\",\"item\":\"https:\/\/www.ktecschools.org\/\"},{\"@type\":\"ListItem\",\"position\":2,\"name\":\"Staff\",\"item\":\"https:\/\/www.ktecschools.org\/es\/staff\/\"},{\"@type\":\"ListItem\",\"position\":3,\"name\":\"Karre Feuker\"}]},{\"@type\":\"WebSite\",\"@id\":\"https:\/\/www.ktecschools.org\/#website\",\"url\":\"https:\/\/www.ktecschools.org\/\",\"name\":\"KTEC Schools of Innovation\",\"description\":\"Educating the Innovators of Tomorrow, Today\",\"publisher\":{\"@id\":\"https:\/\/www.ktecschools.org\/#organization\"},\"potentialAction\":[{\"@type\":\"SearchAction\",\"target\":{\"@type\":\"EntryPoint\",\"urlTemplate\":\"https:\/\/www.ktecschools.org\/?s={search_term_string}\"},\"query-input\":{\"@type\":\"PropertyValueSpecification\",\"valueRequired\":true,\"valueName\":\"search_term_string\"}}],\"inLanguage\":\"es\"},{\"@type\":\"Organization\",\"@id\":\"https:\/\/www.ktecschools.org\/#organization\",\"name\":\"KTEC\",\"url\":\"https:\/\/www.ktecschools.org\/\",\"logo\":{\"@type\":\"ImageObject\",\"inLanguage\":\"es\",\"@id\":\"https:\/\/www.ktecschools.org\/#\/schema\/logo\/image\/\",\"url\":\"https:\/\/www.ktecschools.org\/wp-content\/uploads\/2022\/08\/KTEC_HSpreviewimage_082622-1.jpg\",\"contentUrl\":\"https:\/\/www.ktecschools.org\/wp-content\/uploads\/2022\/08\/KTEC_HSpreviewimage_082622-1.jpg\",\"width\":1200,\"height\":630,\"caption\":\"KTEC\"},\"image\":{\"@id\":\"https:\/\/www.ktecschools.org\/#\/schema\/logo\/image\/\"}}]}<\/script>\n<!-- \/ Yoast SEO plugin. -->","yoast_head_json":{"title":"Karre Feuker - KTEC Schools of Innovation","robots":{"index":"index","follow":"follow","max-snippet":"max-snippet:-1","max-image-preview":"max-image-preview:large","max-video-preview":"max-video-preview:-1"},"canonical":"https:\/\/www.ktecschools.org\/es\/personal\/karre-feuker\/","og_locale":"es_MX","og_type":"article","og_title":"Karre Feuker - KTEC Schools of Innovation","og_url":"https:\/\/www.ktecschools.org\/es\/personal\/karre-feuker\/","og_site_name":"KTEC Schools of Innovation","og_image":[{"width":1920,"height":1080,"url":"https:\/\/www.ktecschools.org\/wp-content\/uploads\/2025\/04\/Feuker-Intro_16x9-png.webp","type":"image\/png"}],"twitter_card":"summary_large_image","twitter_misc":{"Tiempo de lectura":"2 minutos"},"schema":{"@context":"https:\/\/schema.org","@graph":[{"@type":"WebPage","@id":"https:\/\/www.ktecschools.org\/es\/staff\/karre-feuker\/","url":"https:\/\/www.ktecschools.org\/es\/staff\/karre-feuker\/","name":"Karre Feuker - KTEC Schools of Innovation","isPartOf":{"@id":"https:\/\/www.ktecschools.org\/#website"},"primaryImageOfPage":{"@id":"https:\/\/www.ktecschools.org\/es\/staff\/karre-feuker\/#primaryimage"},"image":{"@id":"https:\/\/www.ktecschools.org\/es\/staff\/karre-feuker\/#primaryimage"},"thumbnailUrl":"https:\/\/www.ktecschools.org\/wp-content\/uploads\/2025\/04\/Keuker-Intro-Post-042825_02-png.webp","datePublished":"2025-07-11T15:36:35+00:00","breadcrumb":{"@id":"https:\/\/www.ktecschools.org\/es\/staff\/karre-feuker\/#breadcrumb"},"inLanguage":"es","potentialAction":[{"@type":"ReadAction","target":["https:\/\/www.ktecschools.org\/es\/staff\/karre-feuker\/"]}]},{"@type":"ImageObject","inLanguage":"es","@id":"https:\/\/www.ktecschools.org\/es\/staff\/karre-feuker\/#primaryimage","url":"https:\/\/www.ktecschools.org\/wp-content\/uploads\/2025\/04\/Keuker-Intro-Post-042825_02-png.webp","contentUrl":"https:\/\/www.ktecschools.org\/wp-content\/uploads\/2025\/04\/Keuker-Intro-Post-042825_02-png.webp","width":1920,"height":1080,"caption":"Keuker Intro Post 042825 02"},{"@type":"BreadcrumbList","@id":"https:\/\/www.ktecschools.org\/es\/staff\/karre-feuker\/#breadcrumb","itemListElement":[{"@type":"ListItem","position":1,"name":"Home","item":"https:\/\/www.ktecschools.org\/"},{"@type":"ListItem","position":2,"name":"Staff","item":"https:\/\/www.ktecschools.org\/es\/staff\/"},{"@type":"ListItem","position":3,"name":"Karre Feuker"}]},{"@type":"WebSite","@id":"https:\/\/www.ktecschools.org\/#website","url":"https:\/\/www.ktecschools.org\/","name":"Escuelas de Innovaci\u00f3n KTEC","description":"Educar hoy a los innovadores del ma\u00f1ana","publisher":{"@id":"https:\/\/www.ktecschools.org\/#organization"},"potentialAction":[{"@type":"SearchAction","target":{"@type":"EntryPoint","urlTemplate":"https:\/\/www.ktecschools.org\/?s={search_term_string}"},"query-input":{"@type":"PropertyValueSpecification","valueRequired":true,"valueName":"search_term_string"}}],"inLanguage":"es"},{"@type":"Organization","@id":"https:\/\/www.ktecschools.org\/#organization","name":"KTEC","url":"https:\/\/www.ktecschools.org\/","logo":{"@type":"ImageObject","inLanguage":"es","@id":"https:\/\/www.ktecschools.org\/#\/schema\/logo\/image\/","url":"https:\/\/www.ktecschools.org\/wp-content\/uploads\/2022\/08\/KTEC_HSpreviewimage_082622-1.jpg","contentUrl":"https:\/\/www.ktecschools.org\/wp-content\/uploads\/2022\/08\/KTEC_HSpreviewimage_082622-1.jpg","width":1200,"height":630,"caption":"KTEC"},"image":{"@id":"https:\/\/www.ktecschools.org\/#\/schema\/logo\/image\/"}}]}},"_links":{"self":[{"href":"https:\/\/www.ktecschools.org\/es\/wp-json\/wp\/v2\/pages\/5352","targetHints":{"allow":["GET"]}}],"collection":[{"href":"https:\/\/www.ktecschools.org\/es\/wp-json\/wp\/v2\/pages"}],"about":[{"href":"https:\/\/www.ktecschools.org\/es\/wp-json\/wp\/v2\/types\/page"}],"author":[{"embeddable":true,"href":"https:\/\/www.ktecschools.org\/es\/wp-json\/wp\/v2\/users\/1"}],"replies":[{"embeddable":true,"href":"https:\/\/www.ktecschools.org\/es\/wp-json\/wp\/v2\/comments?post=5352"}],"version-history":[{"count":7,"href":"https:\/\/www.ktecschools.org\/es\/wp-json\/wp\/v2\/pages\/5352\/revisions"}],"predecessor-version":[{"id":5359,"href":"https:\/\/www.ktecschools.org\/es\/wp-json\/wp\/v2\/pages\/5352\/revisions\/5359"}],"up":[{"embeddable":true,"href":"https:\/\/www.ktecschools.org\/es\/wp-json\/wp\/v2\/pages\/1068"}],"wp:featuredmedia":[{"embeddable":true,"href":"https:\/\/www.ktecschools.org\/es\/wp-json\/wp\/v2\/media\/4849"}],"wp:attachment":[{"href":"https:\/\/www.ktecschools.org\/es\/wp-json\/wp\/v2\/media?parent=5352"}],"wp:term":[{"taxonomy":"folder","embeddable":true,"href":"https:\/\/www.ktecschools.org\/es\/wp-json\/wp\/v2\/folder?post=5352"}],"curies":[{"name":"wp","href":"https:\/\/api.w.org\/{rel}","templated":true}]}}