{"id":5237,"date":"2025-07-02T15:06:19","date_gmt":"2025-07-02T20:06:19","guid":{"rendered":"https:\/\/www.ktecschools.org\/?page_id=5237"},"modified":"2025-07-02T15:06:27","modified_gmt":"2025-07-02T20:06:27","slug":"jodi-kreuser","status":"publish","type":"page","link":"https:\/\/www.ktecschools.org\/es\/staff\/jodi-kreuser\/","title":{"rendered":"Jodi Kreuser"},"content":{"rendered":"<div class=\"fusion-fullwidth fullwidth-box fusion-builder-row-1 fusion-flex-container has-pattern-background has-mask-background nonhundred-percent-fullwidth non-hundred-percent-height-scrolling\" style=\"--awb-border-radius-top-left:0px;--awb-border-radius-top-right:0px;--awb-border-radius-bottom-right:0px;--awb-border-radius-bottom-left:0px;--awb-margin-top:60px;--awb-flex-wrap:wrap;\" ><div class=\"fusion-builder-row fusion-row fusion-flex-align-items-flex-start fusion-flex-content-wrap\" style=\"max-width:1456px;margin-left: calc(-4% \/ 2 );margin-right: calc(-4% \/ 2 );\"><div class=\"fusion-layout-column fusion_builder_column fusion-builder-column-0 fusion_builder_column_1_3 1_3 fusion-flex-column\" style=\"--awb-bg-size:cover;--awb-width-large:33.333333333333%;--awb-margin-top-large:0px;--awb-spacing-right-large:5.76%;--awb-margin-bottom-large:20px;--awb-spacing-left-large:5.76%;--awb-width-medium:100%;--awb-order-medium:0;--awb-spacing-right-medium:1.92%;--awb-spacing-left-medium:1.92%;--awb-width-small:100%;--awb-order-small:0;--awb-spacing-right-small:1.92%;--awb-spacing-left-small:1.92%;\"><div class=\"fusion-column-wrapper fusion-column-has-shadow fusion-flex-justify-content-flex-start fusion-content-layout-column\"><div class=\"fusion-image-element\" style=\"--awb-margin-bottom:40px;--awb-caption-title-font-family:var(--h2_typography-font-family);--awb-caption-title-font-weight:var(--h2_typography-font-weight);--awb-caption-title-font-style:var(--h2_typography-font-style);--awb-caption-title-size:var(--h2_typography-font-size);--awb-caption-title-transform:var(--h2_typography-text-transform);--awb-caption-title-line-height:var(--h2_typography-line-height);--awb-caption-title-letter-spacing:var(--h2_typography-letter-spacing);\"><span class=\"fusion-imageframe imageframe-none imageframe-1 hover-type-none\"><img decoding=\"async\" width=\"600\" height=\"600\" alt=\"Fotograf\u00eda de Jodi Kreuser\" title=\"Fotograf\u00eda de Jodi Kreuser\" src=\"https:\/\/www.ktecschools.org\/wp-content\/uploads\/2025\/06\/KTEC-Headshots-JodiKreuser-png.webp\" data-orig-src=\"https:\/\/www.ktecschools.org\/wp-content\/uploads\/2025\/06\/KTEC-Headshots-JodiKreuser-png.webp\" class=\"lazyload img-responsive wp-image-5177\" srcset=\"data:image\/svg+xml,%3Csvg%20xmlns%3D%27http%3A%2F%2Fwww.w3.org%2F2000%2Fsvg%27%20width%3D%27600%27%20height%3D%27600%27%20viewBox%3D%270%200%20600%20600%27%3E%3Crect%20width%3D%27600%27%20height%3D%27600%27%20fill-opacity%3D%220%22%2F%3E%3C%2Fsvg%3E\" data-srcset=\"https:\/\/www.ktecschools.org\/wp-content\/uploads\/2025\/06\/KTEC-Headshots-JodiKreuser-200x200.webp 200w, https:\/\/www.ktecschools.org\/wp-content\/uploads\/2025\/06\/KTEC-Headshots-JodiKreuser-400x400.webp 400w, https:\/\/www.ktecschools.org\/wp-content\/uploads\/2025\/06\/KTEC-Headshots-JodiKreuser-png.webp 600w\" data-sizes=\"auto\" data-orig-sizes=\"(max-width: 1145px) 100vw, (max-width: 880px) 100vw, 600px\" \/><\/span><\/div><ul style=\"--awb-size:21px;--awb-iconcolor:var(--awb-color8);--awb-line-height:35.7px;--awb-icon-width:35.7px;--awb-icon-height:35.7px;--awb-icon-margin:14.7px;--awb-content-margin:50.4px;\" class=\"fusion-checklist fusion-checklist-1 fusion-checklist-default type-icons\"><li class=\"fusion-li-item\" style=\"\"><span class=\"icon-wrapper circle-no\"><i class=\"fusion-li-icon fa-envelope fas\" aria-hidden=\"true\"><\/i><\/span><div class=\"fusion-li-item-content\"><strong><a href=\"mailto:jodi.kreuser@ktecschools.org\">jodi.kreuser@ktecschools.org<\/a><\/strong><\/div><\/li><\/ul><\/div><\/div><div class=\"fusion-layout-column fusion_builder_column fusion-builder-column-1 fusion_builder_column_2_3 2_3 fusion-flex-column\" style=\"--awb-bg-size:cover;--awb-width-large:66.666666666667%;--awb-margin-top-large:0px;--awb-spacing-right-large:2.88%;--awb-margin-bottom-large:20px;--awb-spacing-left-large:2.88%;--awb-width-medium:100%;--awb-order-medium:0;--awb-spacing-right-medium:1.92%;--awb-spacing-left-medium:1.92%;--awb-width-small:100%;--awb-order-small:0;--awb-spacing-right-small:1.92%;--awb-spacing-left-small:1.92%;\"><div class=\"fusion-column-wrapper fusion-column-has-shadow fusion-flex-justify-content-flex-start fusion-content-layout-column\"><div class=\"fusion-title title fusion-title-1 fusion-title-text fusion-title-size-one\" style=\"--awb-margin-bottom:10px;--awb-margin-top-small:0px;--awb-margin-right-small:0px;--awb-margin-bottom-small:20px;--awb-margin-left-small:0px;\"><div class=\"title-sep-container title-sep-container-left fusion-no-large-visibility fusion-no-medium-visibility fusion-no-small-visibility\"><div class=\"title-sep sep- sep-solid\" style=\"border-color:var(--awb-color3);\"><\/div><\/div><span class=\"awb-title-spacer fusion-no-large-visibility fusion-no-medium-visibility fusion-no-small-visibility\"><\/span><h1 class=\"fusion-title-heading title-heading-left fusion-responsive-typography-calculated\" style=\"font-family:&quot;Roboto&quot;;font-style:normal;font-weight:700;margin:0;--fontSize:40;line-height:var(--awb-typography1-line-height);\">Jodi Kreuser<\/h1><span class=\"awb-title-spacer\"><\/span><div class=\"title-sep-container title-sep-container-right\"><div class=\"title-sep sep- sep-solid\" style=\"border-color:var(--awb-color3);\"><\/div><\/div><\/div><div class=\"fusion-title title fusion-title-2 fusion-title-text fusion-title-size-three\" style=\"--awb-margin-top-small:0px;--awb-margin-right-small:0px;--awb-margin-bottom-small:20px;--awb-margin-left-small:0px;\"><div class=\"title-sep-container title-sep-container-left fusion-no-large-visibility fusion-no-medium-visibility fusion-no-small-visibility\"><div class=\"title-sep sep- sep-solid\" style=\"border-color:var(--awb-color3);\"><\/div><\/div><span class=\"awb-title-spacer fusion-no-large-visibility fusion-no-medium-visibility fusion-no-small-visibility\"><\/span><h3 class=\"fusion-title-heading title-heading-left fusion-responsive-typography-calculated\" style=\"margin:0;--fontSize:24;--minFontSize:24;line-height:var(--awb-typography2-line-height);\">Profesora de guarder\u00eda<\/h3><span class=\"awb-title-spacer\"><\/span><div class=\"title-sep-container title-sep-container-right\"><div class=\"title-sep sep- sep-solid\" style=\"border-color:var(--awb-color3);\"><\/div><\/div><\/div><div class=\"fusion-title title fusion-title-3 fusion-title-text fusion-title-size-four\" style=\"--awb-margin-top:20px;--awb-margin-bottom:8px;--awb-margin-top-small:0px;--awb-margin-right-small:0px;--awb-margin-bottom-small:20px;--awb-margin-left-small:0px;\"><div class=\"title-sep-container title-sep-container-left fusion-no-large-visibility fusion-no-medium-visibility fusion-no-small-visibility\"><div class=\"title-sep sep- sep-solid\" style=\"border-color:var(--awb-color3);\"><\/div><\/div><span class=\"awb-title-spacer fusion-no-large-visibility fusion-no-medium-visibility fusion-no-small-visibility\"><\/span><h4 class=\"fusion-title-heading title-heading-left fusion-responsive-typography-calculated\" style=\"margin:0;--fontSize:19;--minFontSize:19;line-height:1.5;\">Educaci\u00f3n:<\/h4><span class=\"awb-title-spacer\"><\/span><div class=\"title-sep-container title-sep-container-right\"><div class=\"title-sep sep- sep-solid\" style=\"border-color:var(--awb-color3);\"><\/div><\/div><\/div><div class=\"fusion-text fusion-text-1\"><p>Licenciatura en Educaci\u00f3n Primaria, UW-Parkside<\/p>\n<\/div><div class=\"fusion-title title fusion-title-4 fusion-title-text fusion-title-size-four\" style=\"--awb-margin-top:20px;--awb-margin-bottom:8px;--awb-margin-top-small:0px;--awb-margin-right-small:0px;--awb-margin-bottom-small:20px;--awb-margin-left-small:0px;\"><div class=\"title-sep-container title-sep-container-left fusion-no-large-visibility fusion-no-medium-visibility fusion-no-small-visibility\"><div class=\"title-sep sep- sep-solid\" style=\"border-color:var(--awb-color3);\"><\/div><\/div><span class=\"awb-title-spacer fusion-no-large-visibility fusion-no-medium-visibility fusion-no-small-visibility\"><\/span><h4 class=\"fusion-title-heading title-heading-left fusion-responsive-typography-calculated\" style=\"margin:0;--fontSize:19;--minFontSize:19;line-height:1.5;\">Lugar y cargo del \u00faltimo puesto ocupado:<\/h4><span class=\"awb-title-spacer\"><\/span><div class=\"title-sep-container title-sep-container-right\"><div class=\"title-sep sep- sep-solid\" style=\"border-color:var(--awb-color3);\"><\/div><\/div><\/div><div class=\"fusion-text fusion-text-2\"><p>Profesora de Kindergarten en la Escuela Cat\u00f3lica All Saints<\/p>\n<\/div><div class=\"fusion-title title fusion-title-5 fusion-title-text fusion-title-size-four\" style=\"--awb-margin-top:20px;--awb-margin-bottom:8px;--awb-margin-top-small:0px;--awb-margin-right-small:0px;--awb-margin-bottom-small:20px;--awb-margin-left-small:0px;\"><div class=\"title-sep-container title-sep-container-left fusion-no-large-visibility fusion-no-medium-visibility fusion-no-small-visibility\"><div class=\"title-sep sep- sep-solid\" style=\"border-color:var(--awb-color3);\"><\/div><\/div><span class=\"awb-title-spacer fusion-no-large-visibility fusion-no-medium-visibility fusion-no-small-visibility\"><\/span><h4 class=\"fusion-title-heading title-heading-left fusion-responsive-typography-calculated\" style=\"margin:0;--fontSize:19;--minFontSize:19;line-height:1.5;\">\u00bfPor qu\u00e9 se hizo profesor?<\/h4><span class=\"awb-title-spacer\"><\/span><div class=\"title-sep-container title-sep-container-right\"><div class=\"title-sep sep- sep-solid\" style=\"border-color:var(--awb-color3);\"><\/div><\/div><\/div><div class=\"fusion-text fusion-text-3\"><p>Creo que establecer una fuerte base acad\u00e9mica e innovadora para los estudiantes es una clave competente para su \u00e9xito en el futuro. Me esfuerzo por asegurar ra\u00edces fuertes y saludables para cada ni\u00f1o de kindergarten siempre haci\u00e9ndolos sentir bienvenidos, valorados y seguros. A partir de ah\u00ed, pueden construir sus fortalezas y florecer; sabiendo que siempre ser\u00e1n apoyados.<\/p>\n<\/div><div class=\"fusion-title title fusion-title-6 fusion-title-text fusion-title-size-four\" style=\"--awb-margin-top:20px;--awb-margin-bottom:8px;--awb-margin-top-small:0px;--awb-margin-right-small:0px;--awb-margin-bottom-small:20px;--awb-margin-left-small:0px;\"><div class=\"title-sep-container title-sep-container-left fusion-no-large-visibility fusion-no-medium-visibility fusion-no-small-visibility\"><div class=\"title-sep sep- sep-solid\" style=\"border-color:var(--awb-color3);\"><\/div><\/div><span class=\"awb-title-spacer fusion-no-large-visibility fusion-no-medium-visibility fusion-no-small-visibility\"><\/span><h4 class=\"fusion-title-heading title-heading-left fusion-responsive-typography-calculated\" style=\"margin:0;--fontSize:19;--minFontSize:19;line-height:1.5;\">\u00bfQu\u00e9 te gustar\u00eda que supieran de ti las familias de KTEC?<\/h4><span class=\"awb-title-spacer\"><\/span><div class=\"title-sep-container title-sep-container-right\"><div class=\"title-sep sep- sep-solid\" style=\"border-color:var(--awb-color3);\"><\/div><\/div><\/div><div class=\"fusion-text fusion-text-4\"><p>Una cosa sobre m\u00ed es que soy el sexto de siete hermanos. Todos mis hermanos son mis mejores amigos. Crecer en una familia numerosa me ha ense\u00f1ado muchas cosas, como paciencia, empat\u00eda y compasi\u00f3n. El bullicio y el caos son mi hogar, \u00a1por eso el jard\u00edn de infancia es mi favorito! Por supuesto, tambi\u00e9n valoro la estructura y la rutina en el aula; todo es cuesti\u00f3n de equilibrio.<\/p>\n<p>Tengo un marido, Aaron, con el que llevo casada 17 a\u00f1os. Juntos tenemos dos hijas, Ava (16) y Nora (12). Tambi\u00e9n tenemos un cachorro Golden Doodle, Fozzie, que est\u00e1 a punto de cumplir un a\u00f1o.<\/p>\n<p>Estoy muy contenta de formar parte de la familia KTEC.<\/p>\n<\/div><\/div><\/div><\/div><\/div>","protected":false},"excerpt":{"rendered":"","protected":false},"author":1,"featured_media":5240,"parent":1068,"menu_order":0,"comment_status":"closed","ping_status":"closed","template":"","meta":{"footnotes":""},"folder":[],"class_list":["post-5237","page","type-page","status-publish","has-post-thumbnail","hentry"],"yoast_head":"<!-- This site is optimized with the Yoast SEO plugin v27.2 - https:\/\/yoast.com\/product\/yoast-seo-wordpress\/ -->\n<title>Jodi Kreuser - KTEC Schools of Innovation<\/title>\n<meta name=\"robots\" content=\"index, follow, max-snippet:-1, max-image-preview:large, max-video-preview:-1\" \/>\n<link rel=\"canonical\" href=\"http:\/\/www.ktecschools.org\/es\/personal\/jodi-kreuser\/\" \/>\n<meta property=\"og:locale\" content=\"es_MX\" \/>\n<meta property=\"og:type\" content=\"article\" \/>\n<meta property=\"og:title\" content=\"Jodi Kreuser - KTEC Schools of Innovation\" \/>\n<meta property=\"og:url\" content=\"http:\/\/www.ktecschools.org\/es\/personal\/jodi-kreuser\/\" \/>\n<meta property=\"og:site_name\" content=\"KTEC Schools of Innovation\" \/>\n<meta property=\"article:modified_time\" content=\"2025-07-02T20:06:27+00:00\" \/>\n<meta property=\"og:image\" content=\"http:\/\/www.ktecschools.org\/wp-content\/uploads\/2025\/07\/Kreuser-Intro-Post-062025_02-png.webp\" \/>\n\t<meta property=\"og:image:width\" content=\"1920\" \/>\n\t<meta property=\"og:image:height\" content=\"1080\" \/>\n\t<meta property=\"og:image:type\" content=\"image\/png\" \/>\n<meta name=\"twitter:card\" content=\"summary_large_image\" \/>\n<meta name=\"twitter:label1\" content=\"Tiempo de lectura\" \/>\n\t<meta name=\"twitter:data1\" content=\"2 minutos\" \/>\n<script type=\"application\/ld+json\" class=\"yoast-schema-graph\">{\"@context\":\"https:\/\/schema.org\",\"@graph\":[{\"@type\":\"WebPage\",\"@id\":\"http:\/\/www.ktecschools.org\/staff\/jodi-kreuser\/\",\"url\":\"http:\/\/www.ktecschools.org\/staff\/jodi-kreuser\/\",\"name\":\"Jodi Kreuser - KTEC Schools of Innovation\",\"isPartOf\":{\"@id\":\"https:\/\/www.ktecschools.org\/#website\"},\"primaryImageOfPage\":{\"@id\":\"http:\/\/www.ktecschools.org\/staff\/jodi-kreuser\/#primaryimage\"},\"image\":{\"@id\":\"http:\/\/www.ktecschools.org\/staff\/jodi-kreuser\/#primaryimage\"},\"thumbnailUrl\":\"https:\/\/www.ktecschools.org\/wp-content\/uploads\/2025\/07\/Kreuser-Intro-Post-062025_02-png.webp\",\"datePublished\":\"2025-07-02T20:06:19+00:00\",\"dateModified\":\"2025-07-02T20:06:27+00:00\",\"breadcrumb\":{\"@id\":\"http:\/\/www.ktecschools.org\/staff\/jodi-kreuser\/#breadcrumb\"},\"inLanguage\":\"es\",\"potentialAction\":[{\"@type\":\"ReadAction\",\"target\":[\"http:\/\/www.ktecschools.org\/staff\/jodi-kreuser\/\"]}]},{\"@type\":\"ImageObject\",\"inLanguage\":\"es\",\"@id\":\"http:\/\/www.ktecschools.org\/staff\/jodi-kreuser\/#primaryimage\",\"url\":\"https:\/\/www.ktecschools.org\/wp-content\/uploads\/2025\/07\/Kreuser-Intro-Post-062025_02-png.webp\",\"contentUrl\":\"https:\/\/www.ktecschools.org\/wp-content\/uploads\/2025\/07\/Kreuser-Intro-Post-062025_02-png.webp\",\"width\":1920,\"height\":1080,\"caption\":\"Kreuser Intro Post 062025 02\"},{\"@type\":\"BreadcrumbList\",\"@id\":\"http:\/\/www.ktecschools.org\/staff\/jodi-kreuser\/#breadcrumb\",\"itemListElement\":[{\"@type\":\"ListItem\",\"position\":1,\"name\":\"Home\",\"item\":\"https:\/\/www.ktecschools.org\/\"},{\"@type\":\"ListItem\",\"position\":2,\"name\":\"Staff\",\"item\":\"https:\/\/www.ktecschools.org\/es\/staff\/\"},{\"@type\":\"ListItem\",\"position\":3,\"name\":\"Jodi Kreuser\"}]},{\"@type\":\"WebSite\",\"@id\":\"https:\/\/www.ktecschools.org\/#website\",\"url\":\"https:\/\/www.ktecschools.org\/\",\"name\":\"KTEC Schools of Innovation\",\"description\":\"Educating the Innovators of Tomorrow, Today\",\"publisher\":{\"@id\":\"https:\/\/www.ktecschools.org\/#organization\"},\"potentialAction\":[{\"@type\":\"SearchAction\",\"target\":{\"@type\":\"EntryPoint\",\"urlTemplate\":\"https:\/\/www.ktecschools.org\/?s={search_term_string}\"},\"query-input\":{\"@type\":\"PropertyValueSpecification\",\"valueRequired\":true,\"valueName\":\"search_term_string\"}}],\"inLanguage\":\"es\"},{\"@type\":\"Organization\",\"@id\":\"https:\/\/www.ktecschools.org\/#organization\",\"name\":\"KTEC\",\"url\":\"https:\/\/www.ktecschools.org\/\",\"logo\":{\"@type\":\"ImageObject\",\"inLanguage\":\"es\",\"@id\":\"https:\/\/www.ktecschools.org\/#\/schema\/logo\/image\/\",\"url\":\"https:\/\/www.ktecschools.org\/wp-content\/uploads\/2022\/08\/KTEC_HSpreviewimage_082622-1.jpg\",\"contentUrl\":\"https:\/\/www.ktecschools.org\/wp-content\/uploads\/2022\/08\/KTEC_HSpreviewimage_082622-1.jpg\",\"width\":1200,\"height\":630,\"caption\":\"KTEC\"},\"image\":{\"@id\":\"https:\/\/www.ktecschools.org\/#\/schema\/logo\/image\/\"}}]}<\/script>\n<!-- \/ Yoast SEO plugin. -->","yoast_head_json":{"title":"Jodi Kreuser - Escuelas de Innovaci\u00f3n KTEC","robots":{"index":"index","follow":"follow","max-snippet":"max-snippet:-1","max-image-preview":"max-image-preview:large","max-video-preview":"max-video-preview:-1"},"canonical":"http:\/\/www.ktecschools.org\/es\/personal\/jodi-kreuser\/","og_locale":"es_MX","og_type":"article","og_title":"Jodi Kreuser - KTEC Schools of Innovation","og_url":"http:\/\/www.ktecschools.org\/es\/personal\/jodi-kreuser\/","og_site_name":"KTEC Schools of Innovation","article_modified_time":"2025-07-02T20:06:27+00:00","og_image":[{"width":1920,"height":1080,"url":"http:\/\/www.ktecschools.org\/wp-content\/uploads\/2025\/07\/Kreuser-Intro-Post-062025_02-png.webp","type":"image\/png"}],"twitter_card":"summary_large_image","twitter_misc":{"Tiempo de lectura":"2 minutos"},"schema":{"@context":"https:\/\/schema.org","@graph":[{"@type":"WebPage","@id":"http:\/\/www.ktecschools.org\/staff\/jodi-kreuser\/","url":"http:\/\/www.ktecschools.org\/staff\/jodi-kreuser\/","name":"Jodi Kreuser - Escuelas de Innovaci\u00f3n KTEC","isPartOf":{"@id":"https:\/\/www.ktecschools.org\/#website"},"primaryImageOfPage":{"@id":"http:\/\/www.ktecschools.org\/staff\/jodi-kreuser\/#primaryimage"},"image":{"@id":"http:\/\/www.ktecschools.org\/staff\/jodi-kreuser\/#primaryimage"},"thumbnailUrl":"https:\/\/www.ktecschools.org\/wp-content\/uploads\/2025\/07\/Kreuser-Intro-Post-062025_02-png.webp","datePublished":"2025-07-02T20:06:19+00:00","dateModified":"2025-07-02T20:06:27+00:00","breadcrumb":{"@id":"http:\/\/www.ktecschools.org\/staff\/jodi-kreuser\/#breadcrumb"},"inLanguage":"es","potentialAction":[{"@type":"ReadAction","target":["http:\/\/www.ktecschools.org\/staff\/jodi-kreuser\/"]}]},{"@type":"ImageObject","inLanguage":"es","@id":"http:\/\/www.ktecschools.org\/staff\/jodi-kreuser\/#primaryimage","url":"https:\/\/www.ktecschools.org\/wp-content\/uploads\/2025\/07\/Kreuser-Intro-Post-062025_02-png.webp","contentUrl":"https:\/\/www.ktecschools.org\/wp-content\/uploads\/2025\/07\/Kreuser-Intro-Post-062025_02-png.webp","width":1920,"height":1080,"caption":"Kreuser Intro Post 062025 02"},{"@type":"BreadcrumbList","@id":"http:\/\/www.ktecschools.org\/staff\/jodi-kreuser\/#breadcrumb","itemListElement":[{"@type":"ListItem","position":1,"name":"Home","item":"https:\/\/www.ktecschools.org\/"},{"@type":"ListItem","position":2,"name":"Staff","item":"https:\/\/www.ktecschools.org\/es\/staff\/"},{"@type":"ListItem","position":3,"name":"Jodi Kreuser"}]},{"@type":"WebSite","@id":"https:\/\/www.ktecschools.org\/#website","url":"https:\/\/www.ktecschools.org\/","name":"Escuelas de Innovaci\u00f3n KTEC","description":"Educar hoy a los innovadores del ma\u00f1ana","publisher":{"@id":"https:\/\/www.ktecschools.org\/#organization"},"potentialAction":[{"@type":"SearchAction","target":{"@type":"EntryPoint","urlTemplate":"https:\/\/www.ktecschools.org\/?s={search_term_string}"},"query-input":{"@type":"PropertyValueSpecification","valueRequired":true,"valueName":"search_term_string"}}],"inLanguage":"es"},{"@type":"Organization","@id":"https:\/\/www.ktecschools.org\/#organization","name":"KTEC","url":"https:\/\/www.ktecschools.org\/","logo":{"@type":"ImageObject","inLanguage":"es","@id":"https:\/\/www.ktecschools.org\/#\/schema\/logo\/image\/","url":"https:\/\/www.ktecschools.org\/wp-content\/uploads\/2022\/08\/KTEC_HSpreviewimage_082622-1.jpg","contentUrl":"https:\/\/www.ktecschools.org\/wp-content\/uploads\/2022\/08\/KTEC_HSpreviewimage_082622-1.jpg","width":1200,"height":630,"caption":"KTEC"},"image":{"@id":"https:\/\/www.ktecschools.org\/#\/schema\/logo\/image\/"}}]}},"_links":{"self":[{"href":"https:\/\/www.ktecschools.org\/es\/wp-json\/wp\/v2\/pages\/5237","targetHints":{"allow":["GET"]}}],"collection":[{"href":"https:\/\/www.ktecschools.org\/es\/wp-json\/wp\/v2\/pages"}],"about":[{"href":"https:\/\/www.ktecschools.org\/es\/wp-json\/wp\/v2\/types\/page"}],"author":[{"embeddable":true,"href":"https:\/\/www.ktecschools.org\/es\/wp-json\/wp\/v2\/users\/1"}],"replies":[{"embeddable":true,"href":"https:\/\/www.ktecschools.org\/es\/wp-json\/wp\/v2\/comments?post=5237"}],"version-history":[{"count":3,"href":"https:\/\/www.ktecschools.org\/es\/wp-json\/wp\/v2\/pages\/5237\/revisions"}],"predecessor-version":[{"id":5241,"href":"https:\/\/www.ktecschools.org\/es\/wp-json\/wp\/v2\/pages\/5237\/revisions\/5241"}],"up":[{"embeddable":true,"href":"https:\/\/www.ktecschools.org\/es\/wp-json\/wp\/v2\/pages\/1068"}],"wp:featuredmedia":[{"embeddable":true,"href":"https:\/\/www.ktecschools.org\/es\/wp-json\/wp\/v2\/media\/5240"}],"wp:attachment":[{"href":"https:\/\/www.ktecschools.org\/es\/wp-json\/wp\/v2\/media?parent=5237"}],"wp:term":[{"taxonomy":"folder","embeddable":true,"href":"https:\/\/www.ktecschools.org\/es\/wp-json\/wp\/v2\/folder?post=5237"}],"curies":[{"name":"wp","href":"https:\/\/api.w.org\/{rel}","templated":true}]}}