{"id":5228,"date":"2025-07-02T14:54:03","date_gmt":"2025-07-02T19:54:03","guid":{"rendered":"https:\/\/www.ktecschools.org\/?page_id=5228"},"modified":"2025-07-02T14:54:03","modified_gmt":"2025-07-02T19:54:03","slug":"hailey-patty","status":"publish","type":"page","link":"https:\/\/www.ktecschools.org\/es\/staff\/hailey-patty\/","title":{"rendered":"Hailey Patty"},"content":{"rendered":"<div class=\"fusion-fullwidth fullwidth-box fusion-builder-row-1 fusion-flex-container has-pattern-background has-mask-background nonhundred-percent-fullwidth non-hundred-percent-height-scrolling\" style=\"--awb-border-radius-top-left:0px;--awb-border-radius-top-right:0px;--awb-border-radius-bottom-right:0px;--awb-border-radius-bottom-left:0px;--awb-margin-top:60px;--awb-flex-wrap:wrap;\" ><div class=\"fusion-builder-row fusion-row fusion-flex-align-items-flex-start fusion-flex-content-wrap\" style=\"max-width:1456px;margin-left: calc(-4% \/ 2 );margin-right: calc(-4% \/ 2 );\"><div class=\"fusion-layout-column fusion_builder_column fusion-builder-column-0 fusion_builder_column_1_3 1_3 fusion-flex-column\" style=\"--awb-bg-size:cover;--awb-width-large:33.333333333333%;--awb-margin-top-large:0px;--awb-spacing-right-large:5.76%;--awb-margin-bottom-large:20px;--awb-spacing-left-large:5.76%;--awb-width-medium:100%;--awb-order-medium:0;--awb-spacing-right-medium:1.92%;--awb-spacing-left-medium:1.92%;--awb-width-small:100%;--awb-order-small:0;--awb-spacing-right-small:1.92%;--awb-spacing-left-small:1.92%;\"><div class=\"fusion-column-wrapper fusion-column-has-shadow fusion-flex-justify-content-flex-start fusion-content-layout-column\"><div class=\"fusion-image-element\" style=\"--awb-margin-bottom:40px;--awb-caption-title-font-family:var(--h2_typography-font-family);--awb-caption-title-font-weight:var(--h2_typography-font-weight);--awb-caption-title-font-style:var(--h2_typography-font-style);--awb-caption-title-size:var(--h2_typography-font-size);--awb-caption-title-transform:var(--h2_typography-text-transform);--awb-caption-title-line-height:var(--h2_typography-line-height);--awb-caption-title-letter-spacing:var(--h2_typography-letter-spacing);\"><span class=\"fusion-imageframe imageframe-none imageframe-1 hover-type-none\"><img decoding=\"async\" width=\"719\" height=\"721\" alt=\"Fotograf\u00eda de Hailey Patty\" title=\"Fotograf\u00eda de Hailey Patty\" src=\"https:\/\/www.ktecschools.org\/wp-content\/uploads\/2022\/08\/Hailey-Deluca@2x.png\" data-orig-src=\"https:\/\/www.ktecschools.org\/wp-content\/uploads\/2022\/08\/Hailey-Deluca@2x.png\" class=\"lazyload img-responsive wp-image-1373\" srcset=\"data:image\/svg+xml,%3Csvg%20xmlns%3D%27http%3A%2F%2Fwww.w3.org%2F2000%2Fsvg%27%20width%3D%27719%27%20height%3D%27721%27%20viewBox%3D%270%200%20719%20721%27%3E%3Crect%20width%3D%27719%27%20height%3D%27721%27%20fill-opacity%3D%220%22%2F%3E%3C%2Fsvg%3E\" data-srcset=\"https:\/\/www.ktecschools.org\/wp-content\/uploads\/2022\/08\/Hailey-Deluca@2x-200x201.png 200w, https:\/\/www.ktecschools.org\/wp-content\/uploads\/2022\/08\/Hailey-Deluca@2x-400x401.png 400w, https:\/\/www.ktecschools.org\/wp-content\/uploads\/2022\/08\/Hailey-Deluca@2x-600x602.png 600w, https:\/\/www.ktecschools.org\/wp-content\/uploads\/2022\/08\/Hailey-Deluca@2x.png 719w\" data-sizes=\"auto\" data-orig-sizes=\"(max-width: 1145px) 100vw, (max-width: 880px) 100vw, 600px\" \/><\/span><\/div><ul style=\"--awb-size:21px;--awb-iconcolor:var(--awb-color8);--awb-line-height:35.7px;--awb-icon-width:35.7px;--awb-icon-height:35.7px;--awb-icon-margin:14.7px;--awb-content-margin:50.4px;\" class=\"fusion-checklist fusion-checklist-1 fusion-checklist-default type-icons\"><li class=\"fusion-li-item\" style=\"\"><span class=\"icon-wrapper circle-no\"><i class=\"fusion-li-icon fa-envelope fas\" aria-hidden=\"true\"><\/i><\/span><div class=\"fusion-li-item-content\"><strong><a href=\"mailto:Hailey.deluca@ktecschools.org\">Hailey.deluca@ktecschools.org<\/a><\/strong><\/div><\/li><\/ul><\/div><\/div><div class=\"fusion-layout-column fusion_builder_column fusion-builder-column-1 fusion_builder_column_2_3 2_3 fusion-flex-column\" style=\"--awb-bg-size:cover;--awb-width-large:66.666666666667%;--awb-margin-top-large:0px;--awb-spacing-right-large:2.88%;--awb-margin-bottom-large:20px;--awb-spacing-left-large:2.88%;--awb-width-medium:100%;--awb-order-medium:0;--awb-spacing-right-medium:1.92%;--awb-spacing-left-medium:1.92%;--awb-width-small:100%;--awb-order-small:0;--awb-spacing-right-small:1.92%;--awb-spacing-left-small:1.92%;\"><div class=\"fusion-column-wrapper fusion-column-has-shadow fusion-flex-justify-content-flex-start fusion-content-layout-column\"><div class=\"fusion-title title fusion-title-1 fusion-title-text fusion-title-size-one\" style=\"--awb-margin-bottom:10px;--awb-margin-top-small:0px;--awb-margin-right-small:0px;--awb-margin-bottom-small:20px;--awb-margin-left-small:0px;\"><div class=\"title-sep-container title-sep-container-left fusion-no-large-visibility fusion-no-medium-visibility fusion-no-small-visibility\"><div class=\"title-sep sep- sep-solid\" style=\"border-color:var(--awb-color3);\"><\/div><\/div><span class=\"awb-title-spacer fusion-no-large-visibility fusion-no-medium-visibility fusion-no-small-visibility\"><\/span><h1 class=\"fusion-title-heading title-heading-left fusion-responsive-typography-calculated\" style=\"font-family:&quot;Roboto&quot;;font-style:normal;font-weight:700;margin:0;--fontSize:40;line-height:var(--awb-typography1-line-height);\">Hailey Patty<\/h1><span class=\"awb-title-spacer\"><\/span><div class=\"title-sep-container title-sep-container-right\"><div class=\"title-sep sep- sep-solid\" style=\"border-color:var(--awb-color3);\"><\/div><\/div><\/div><div class=\"fusion-title title fusion-title-2 fusion-title-text fusion-title-size-three\" style=\"--awb-margin-top-small:0px;--awb-margin-right-small:0px;--awb-margin-bottom-small:20px;--awb-margin-left-small:0px;\"><div class=\"title-sep-container title-sep-container-left fusion-no-large-visibility fusion-no-medium-visibility fusion-no-small-visibility\"><div class=\"title-sep sep- sep-solid\" style=\"border-color:var(--awb-color3);\"><\/div><\/div><span class=\"awb-title-spacer fusion-no-large-visibility fusion-no-medium-visibility fusion-no-small-visibility\"><\/span><h3 class=\"fusion-title-heading title-heading-left fusion-responsive-typography-calculated\" style=\"margin:0;--fontSize:24;--minFontSize:24;line-height:var(--awb-typography2-line-height);\">Subdirector \/ Director de Educaci\u00f3n Especial<\/h3><span class=\"awb-title-spacer\"><\/span><div class=\"title-sep-container title-sep-container-right\"><div class=\"title-sep sep- sep-solid\" style=\"border-color:var(--awb-color3);\"><\/div><\/div><\/div><div class=\"fusion-text fusion-text-1\"><p>Hailey Patty es licenciada en Desarrollo Humano y Estudios Familiares por la Universidad de Wisconsin-Madison. Obtuvo m\u00faltiples t\u00edtulos de posgrado de la Universidad de Wisconsin-Milwaukee, incluyendo una Maestr\u00eda en Ciencias en Psicolog\u00eda de la Educaci\u00f3n, un t\u00edtulo de Especialista en Educaci\u00f3n en Psicolog\u00eda Escolar, y m\u00e1s recientemente, una Maestr\u00eda en Ciencias en Liderazgo Administrativo, completado en agosto de 2023.<\/p>\n<p>En 2017, su carrera comenz\u00f3 en el Distrito Escolar Unificado de Kenosha (KUSD), donde se desempe\u00f1\u00f3 como psic\u00f3loga escolar apoyando a estudiantes de 4K a 12\u00ba grado. Tambi\u00e9n se desempe\u00f1\u00f3 como Decana de Estudiantes para el Programa de Primaria Virtual de KUSD, donde trabaj\u00f3 en estrecha colaboraci\u00f3n con administradores, educadores, familias y socios de la comunidad para apoyar las necesidades acad\u00e9micas y socioemocionales de los estudiantes virtuales de K-5.<\/p>\n<p>Desde la apertura de KTEC High School en septiembre de 2022, Hailey Patty ha servido principalmente en su papel como Subdirectora. En esta capacidad, desempe\u00f1\u00f3 un papel clave en el establecimiento de la cultura fundacional de la escuela, apoyando el liderazgo de instrucci\u00f3n y desarrollando un ambiente de aprendizaje seguro e inclusivo. Trabaj\u00f3 estrechamente con el personal, los estudiantes y las familias para implementar iniciativas en toda la escuela para garantizar el \u00e9xito acad\u00e9mico y conductual de los estudiantes.<\/p>\n<p>Hailey pasa ahora a desempe\u00f1ar el cargo de Directora de Educaci\u00f3n Especial y Servicios Estudiantiles, donde seguir\u00e1 prestando apoyo a los alumnos de 4 a 12 a\u00f1os, especialmente a los que tienen necesidades diversas. Sigue comprometida con el fomento de oportunidades educativas equitativas y la defensa del \u00e9xito y el bienestar de todos los estudiantes. Como Directora, supervisar\u00e1 el desarrollo, la aplicaci\u00f3n y la mejora continua de los programas de educaci\u00f3n especial y los servicios de apoyo a los estudiantes. Su trabajo se centrar\u00e1 en garantizar el cumplimiento de la normativa estatal y federal, promover pr\u00e1cticas integradoras y establecer asociaciones de colaboraci\u00f3n con educadores, familias y partes interesadas de la comunidad.<\/p>\n<\/div><\/div><\/div><\/div><\/div>","protected":false},"excerpt":{"rendered":"","protected":false},"author":1,"featured_media":5230,"parent":1068,"menu_order":0,"comment_status":"closed","ping_status":"closed","template":"","meta":{"footnotes":""},"folder":[],"class_list":["post-5228","page","type-page","status-publish","has-post-thumbnail","hentry"],"yoast_head":"<!-- This site is optimized with the Yoast SEO plugin v27.2 - https:\/\/yoast.com\/product\/yoast-seo-wordpress\/ -->\n<title>Hailey Patty - KTEC Schools of Innovation<\/title>\n<meta name=\"robots\" content=\"index, follow, max-snippet:-1, max-image-preview:large, max-video-preview:-1\" \/>\n<link rel=\"canonical\" href=\"http:\/\/www.ktecschools.org\/es\/personal\/hailey-patty\/\" \/>\n<meta property=\"og:locale\" content=\"es_MX\" \/>\n<meta property=\"og:type\" content=\"article\" \/>\n<meta property=\"og:title\" content=\"Hailey Patty - KTEC Schools of Innovation\" \/>\n<meta property=\"og:url\" content=\"http:\/\/www.ktecschools.org\/es\/personal\/hailey-patty\/\" \/>\n<meta property=\"og:site_name\" content=\"KTEC Schools of Innovation\" \/>\n<meta property=\"og:image\" content=\"http:\/\/www.ktecschools.org\/wp-content\/uploads\/2025\/07\/Patty-Intro-Post-070225_02-png.webp\" \/>\n\t<meta property=\"og:image:width\" content=\"1920\" \/>\n\t<meta property=\"og:image:height\" content=\"1080\" \/>\n\t<meta property=\"og:image:type\" content=\"image\/png\" \/>\n<meta name=\"twitter:card\" content=\"summary_large_image\" \/>\n<meta name=\"twitter:label1\" content=\"Tiempo de lectura\" \/>\n\t<meta name=\"twitter:data1\" content=\"2 minutos\" \/>\n<script type=\"application\/ld+json\" class=\"yoast-schema-graph\">{\"@context\":\"https:\/\/schema.org\",\"@graph\":[{\"@type\":\"WebPage\",\"@id\":\"http:\/\/www.ktecschools.org\/staff\/hailey-patty\/\",\"url\":\"http:\/\/www.ktecschools.org\/staff\/hailey-patty\/\",\"name\":\"Hailey Patty - KTEC Schools of Innovation\",\"isPartOf\":{\"@id\":\"https:\/\/www.ktecschools.org\/#website\"},\"primaryImageOfPage\":{\"@id\":\"http:\/\/www.ktecschools.org\/staff\/hailey-patty\/#primaryimage\"},\"image\":{\"@id\":\"http:\/\/www.ktecschools.org\/staff\/hailey-patty\/#primaryimage\"},\"thumbnailUrl\":\"https:\/\/www.ktecschools.org\/wp-content\/uploads\/2025\/07\/Patty-Intro-Post-070225_02-png.webp\",\"datePublished\":\"2025-07-02T19:54:03+00:00\",\"breadcrumb\":{\"@id\":\"http:\/\/www.ktecschools.org\/staff\/hailey-patty\/#breadcrumb\"},\"inLanguage\":\"es\",\"potentialAction\":[{\"@type\":\"ReadAction\",\"target\":[\"http:\/\/www.ktecschools.org\/staff\/hailey-patty\/\"]}]},{\"@type\":\"ImageObject\",\"inLanguage\":\"es\",\"@id\":\"http:\/\/www.ktecschools.org\/staff\/hailey-patty\/#primaryimage\",\"url\":\"https:\/\/www.ktecschools.org\/wp-content\/uploads\/2025\/07\/Patty-Intro-Post-070225_02-png.webp\",\"contentUrl\":\"https:\/\/www.ktecschools.org\/wp-content\/uploads\/2025\/07\/Patty-Intro-Post-070225_02-png.webp\",\"width\":1920,\"height\":1080,\"caption\":\"Patty Intro Post 070225 02\"},{\"@type\":\"BreadcrumbList\",\"@id\":\"http:\/\/www.ktecschools.org\/staff\/hailey-patty\/#breadcrumb\",\"itemListElement\":[{\"@type\":\"ListItem\",\"position\":1,\"name\":\"Home\",\"item\":\"https:\/\/www.ktecschools.org\/\"},{\"@type\":\"ListItem\",\"position\":2,\"name\":\"Staff\",\"item\":\"https:\/\/www.ktecschools.org\/es\/staff\/\"},{\"@type\":\"ListItem\",\"position\":3,\"name\":\"Hailey Patty\"}]},{\"@type\":\"WebSite\",\"@id\":\"https:\/\/www.ktecschools.org\/#website\",\"url\":\"https:\/\/www.ktecschools.org\/\",\"name\":\"KTEC Schools of Innovation\",\"description\":\"Educating the Innovators of Tomorrow, Today\",\"publisher\":{\"@id\":\"https:\/\/www.ktecschools.org\/#organization\"},\"potentialAction\":[{\"@type\":\"SearchAction\",\"target\":{\"@type\":\"EntryPoint\",\"urlTemplate\":\"https:\/\/www.ktecschools.org\/?s={search_term_string}\"},\"query-input\":{\"@type\":\"PropertyValueSpecification\",\"valueRequired\":true,\"valueName\":\"search_term_string\"}}],\"inLanguage\":\"es\"},{\"@type\":\"Organization\",\"@id\":\"https:\/\/www.ktecschools.org\/#organization\",\"name\":\"KTEC\",\"url\":\"https:\/\/www.ktecschools.org\/\",\"logo\":{\"@type\":\"ImageObject\",\"inLanguage\":\"es\",\"@id\":\"https:\/\/www.ktecschools.org\/#\/schema\/logo\/image\/\",\"url\":\"https:\/\/www.ktecschools.org\/wp-content\/uploads\/2022\/08\/KTEC_HSpreviewimage_082622-1.jpg\",\"contentUrl\":\"https:\/\/www.ktecschools.org\/wp-content\/uploads\/2022\/08\/KTEC_HSpreviewimage_082622-1.jpg\",\"width\":1200,\"height\":630,\"caption\":\"KTEC\"},\"image\":{\"@id\":\"https:\/\/www.ktecschools.org\/#\/schema\/logo\/image\/\"}}]}<\/script>\n<!-- \/ Yoast SEO plugin. -->","yoast_head_json":{"title":"Hailey Patty - Escuelas de Innovaci\u00f3n KTEC","robots":{"index":"index","follow":"follow","max-snippet":"max-snippet:-1","max-image-preview":"max-image-preview:large","max-video-preview":"max-video-preview:-1"},"canonical":"http:\/\/www.ktecschools.org\/es\/personal\/hailey-patty\/","og_locale":"es_MX","og_type":"article","og_title":"Hailey Patty - KTEC Schools of Innovation","og_url":"http:\/\/www.ktecschools.org\/es\/personal\/hailey-patty\/","og_site_name":"KTEC Schools of Innovation","og_image":[{"width":1920,"height":1080,"url":"http:\/\/www.ktecschools.org\/wp-content\/uploads\/2025\/07\/Patty-Intro-Post-070225_02-png.webp","type":"image\/png"}],"twitter_card":"summary_large_image","twitter_misc":{"Tiempo de lectura":"2 minutos"},"schema":{"@context":"https:\/\/schema.org","@graph":[{"@type":"WebPage","@id":"http:\/\/www.ktecschools.org\/staff\/hailey-patty\/","url":"http:\/\/www.ktecschools.org\/staff\/hailey-patty\/","name":"Hailey Patty - Escuelas de Innovaci\u00f3n KTEC","isPartOf":{"@id":"https:\/\/www.ktecschools.org\/#website"},"primaryImageOfPage":{"@id":"http:\/\/www.ktecschools.org\/staff\/hailey-patty\/#primaryimage"},"image":{"@id":"http:\/\/www.ktecschools.org\/staff\/hailey-patty\/#primaryimage"},"thumbnailUrl":"https:\/\/www.ktecschools.org\/wp-content\/uploads\/2025\/07\/Patty-Intro-Post-070225_02-png.webp","datePublished":"2025-07-02T19:54:03+00:00","breadcrumb":{"@id":"http:\/\/www.ktecschools.org\/staff\/hailey-patty\/#breadcrumb"},"inLanguage":"es","potentialAction":[{"@type":"ReadAction","target":["http:\/\/www.ktecschools.org\/staff\/hailey-patty\/"]}]},{"@type":"ImageObject","inLanguage":"es","@id":"http:\/\/www.ktecschools.org\/staff\/hailey-patty\/#primaryimage","url":"https:\/\/www.ktecschools.org\/wp-content\/uploads\/2025\/07\/Patty-Intro-Post-070225_02-png.webp","contentUrl":"https:\/\/www.ktecschools.org\/wp-content\/uploads\/2025\/07\/Patty-Intro-Post-070225_02-png.webp","width":1920,"height":1080,"caption":"Patty Intro Post 070225 02"},{"@type":"BreadcrumbList","@id":"http:\/\/www.ktecschools.org\/staff\/hailey-patty\/#breadcrumb","itemListElement":[{"@type":"ListItem","position":1,"name":"Home","item":"https:\/\/www.ktecschools.org\/"},{"@type":"ListItem","position":2,"name":"Staff","item":"https:\/\/www.ktecschools.org\/es\/staff\/"},{"@type":"ListItem","position":3,"name":"Hailey Patty"}]},{"@type":"WebSite","@id":"https:\/\/www.ktecschools.org\/#website","url":"https:\/\/www.ktecschools.org\/","name":"Escuelas de Innovaci\u00f3n KTEC","description":"Educar hoy a los innovadores del ma\u00f1ana","publisher":{"@id":"https:\/\/www.ktecschools.org\/#organization"},"potentialAction":[{"@type":"SearchAction","target":{"@type":"EntryPoint","urlTemplate":"https:\/\/www.ktecschools.org\/?s={search_term_string}"},"query-input":{"@type":"PropertyValueSpecification","valueRequired":true,"valueName":"search_term_string"}}],"inLanguage":"es"},{"@type":"Organization","@id":"https:\/\/www.ktecschools.org\/#organization","name":"KTEC","url":"https:\/\/www.ktecschools.org\/","logo":{"@type":"ImageObject","inLanguage":"es","@id":"https:\/\/www.ktecschools.org\/#\/schema\/logo\/image\/","url":"https:\/\/www.ktecschools.org\/wp-content\/uploads\/2022\/08\/KTEC_HSpreviewimage_082622-1.jpg","contentUrl":"https:\/\/www.ktecschools.org\/wp-content\/uploads\/2022\/08\/KTEC_HSpreviewimage_082622-1.jpg","width":1200,"height":630,"caption":"KTEC"},"image":{"@id":"https:\/\/www.ktecschools.org\/#\/schema\/logo\/image\/"}}]}},"_links":{"self":[{"href":"https:\/\/www.ktecschools.org\/es\/wp-json\/wp\/v2\/pages\/5228","targetHints":{"allow":["GET"]}}],"collection":[{"href":"https:\/\/www.ktecschools.org\/es\/wp-json\/wp\/v2\/pages"}],"about":[{"href":"https:\/\/www.ktecschools.org\/es\/wp-json\/wp\/v2\/types\/page"}],"author":[{"embeddable":true,"href":"https:\/\/www.ktecschools.org\/es\/wp-json\/wp\/v2\/users\/1"}],"replies":[{"embeddable":true,"href":"https:\/\/www.ktecschools.org\/es\/wp-json\/wp\/v2\/comments?post=5228"}],"version-history":[{"count":1,"href":"https:\/\/www.ktecschools.org\/es\/wp-json\/wp\/v2\/pages\/5228\/revisions"}],"predecessor-version":[{"id":5229,"href":"https:\/\/www.ktecschools.org\/es\/wp-json\/wp\/v2\/pages\/5228\/revisions\/5229"}],"up":[{"embeddable":true,"href":"https:\/\/www.ktecschools.org\/es\/wp-json\/wp\/v2\/pages\/1068"}],"wp:featuredmedia":[{"embeddable":true,"href":"https:\/\/www.ktecschools.org\/es\/wp-json\/wp\/v2\/media\/5230"}],"wp:attachment":[{"href":"https:\/\/www.ktecschools.org\/es\/wp-json\/wp\/v2\/media?parent=5228"}],"wp:term":[{"taxonomy":"folder","embeddable":true,"href":"https:\/\/www.ktecschools.org\/es\/wp-json\/wp\/v2\/folder?post=5228"}],"curies":[{"name":"wp","href":"https:\/\/api.w.org\/{rel}","templated":true}]}}