{"id":4932,"date":"2025-04-30T15:20:30","date_gmt":"2025-04-30T20:20:30","guid":{"rendered":"https:\/\/www.ktecschools.org\/?page_id=4932"},"modified":"2025-07-02T14:39:34","modified_gmt":"2025-07-02T19:39:34","slug":"dr-angela-andersson","status":"publish","type":"page","link":"https:\/\/www.ktecschools.org\/es\/staff\/dr-angela-andersson\/","title":{"rendered":"Dra. Angela Andersson"},"content":{"rendered":"<div class=\"fusion-fullwidth fullwidth-box fusion-builder-row-1 fusion-flex-container has-pattern-background has-mask-background nonhundred-percent-fullwidth non-hundred-percent-height-scrolling\" style=\"--awb-border-radius-top-left:0px;--awb-border-radius-top-right:0px;--awb-border-radius-bottom-right:0px;--awb-border-radius-bottom-left:0px;--awb-margin-top:60px;--awb-flex-wrap:wrap;\" ><div class=\"fusion-builder-row fusion-row fusion-flex-align-items-flex-start fusion-flex-content-wrap\" style=\"max-width:1456px;margin-left: calc(-4% \/ 2 );margin-right: calc(-4% \/ 2 );\"><div class=\"fusion-layout-column fusion_builder_column fusion-builder-column-0 fusion_builder_column_1_3 1_3 fusion-flex-column\" style=\"--awb-bg-size:cover;--awb-width-large:33.333333333333%;--awb-margin-top-large:0px;--awb-spacing-right-large:5.76%;--awb-margin-bottom-large:20px;--awb-spacing-left-large:5.76%;--awb-width-medium:100%;--awb-order-medium:0;--awb-spacing-right-medium:1.92%;--awb-spacing-left-medium:1.92%;--awb-width-small:100%;--awb-order-small:0;--awb-spacing-right-small:1.92%;--awb-spacing-left-small:1.92%;\"><div class=\"fusion-column-wrapper fusion-column-has-shadow fusion-flex-justify-content-flex-start fusion-content-layout-column\"><div class=\"fusion-image-element\" style=\"--awb-margin-bottom:40px;--awb-caption-title-font-family:var(--h2_typography-font-family);--awb-caption-title-font-weight:var(--h2_typography-font-weight);--awb-caption-title-font-style:var(--h2_typography-font-style);--awb-caption-title-size:var(--h2_typography-font-size);--awb-caption-title-transform:var(--h2_typography-text-transform);--awb-caption-title-line-height:var(--h2_typography-line-height);--awb-caption-title-letter-spacing:var(--h2_typography-letter-spacing);\"><span class=\"fusion-imageframe imageframe-none imageframe-1 hover-type-none\"><img decoding=\"async\" width=\"1250\" height=\"1250\" alt=\"Angela Andersson Headshot\" title=\"Angela Andersson Headshot\" src=\"https:\/\/www.ktecschools.org\/wp-content\/uploads\/2025\/04\/KTEC-Headshots_NEW-Angela-Andersson-png.webp\" data-orig-src=\"https:\/\/www.ktecschools.org\/wp-content\/uploads\/2025\/04\/KTEC-Headshots_NEW-Angela-Andersson-png.webp\" class=\"lazyload img-responsive wp-image-4926\" srcset=\"data:image\/svg+xml,%3Csvg%20xmlns%3D%27http%3A%2F%2Fwww.w3.org%2F2000%2Fsvg%27%20width%3D%271250%27%20height%3D%271250%27%20viewBox%3D%270%200%201250%201250%27%3E%3Crect%20width%3D%271250%27%20height%3D%271250%27%20fill-opacity%3D%220%22%2F%3E%3C%2Fsvg%3E\" data-srcset=\"https:\/\/www.ktecschools.org\/wp-content\/uploads\/2025\/04\/KTEC-Headshots_NEW-Angela-Andersson-200x200.webp 200w, https:\/\/www.ktecschools.org\/wp-content\/uploads\/2025\/04\/KTEC-Headshots_NEW-Angela-Andersson-400x400.webp 400w, https:\/\/www.ktecschools.org\/wp-content\/uploads\/2025\/04\/KTEC-Headshots_NEW-Angela-Andersson-600x600.webp 600w, https:\/\/www.ktecschools.org\/wp-content\/uploads\/2025\/04\/KTEC-Headshots_NEW-Angela-Andersson-800x800.webp 800w, https:\/\/www.ktecschools.org\/wp-content\/uploads\/2025\/04\/KTEC-Headshots_NEW-Angela-Andersson-1200x1200.webp 1200w, https:\/\/www.ktecschools.org\/wp-content\/uploads\/2025\/04\/KTEC-Headshots_NEW-Angela-Andersson-png.webp 1250w\" data-sizes=\"auto\" data-orig-sizes=\"(max-width: 1145px) 100vw, (max-width: 880px) 100vw, 600px\" \/><\/span><\/div><ul style=\"--awb-size:21px;--awb-iconcolor:var(--awb-color8);--awb-line-height:35.7px;--awb-icon-width:35.7px;--awb-icon-height:35.7px;--awb-icon-margin:14.7px;--awb-content-margin:50.4px;\" class=\"fusion-checklist fusion-checklist-1 fusion-checklist-default type-icons\"><li class=\"fusion-li-item\" style=\"\"><span class=\"icon-wrapper circle-no\"><i class=\"fusion-li-icon fa-mobile-alt fas\" aria-hidden=\"true\"><\/i><\/span><div class=\"fusion-li-item-content\">\n<p><strong>262.286.0320<\/strong><\/p>\n<\/div><\/li><li class=\"fusion-li-item\" style=\"\"><span class=\"icon-wrapper circle-no\"><i class=\"fusion-li-icon fa-envelope fas\" aria-hidden=\"true\"><\/i><\/span><div class=\"fusion-li-item-content\">\n<p><strong><a href=\"mailto:aandersson@ktecschools.org\">aandersson@ktecschools.org<\/a><\/strong><\/p>\n<\/div><\/li><\/ul><\/div><\/div><div class=\"fusion-layout-column fusion_builder_column fusion-builder-column-1 fusion_builder_column_2_3 2_3 fusion-flex-column\" style=\"--awb-bg-size:cover;--awb-width-large:66.666666666667%;--awb-margin-top-large:0px;--awb-spacing-right-large:2.88%;--awb-margin-bottom-large:20px;--awb-spacing-left-large:2.88%;--awb-width-medium:100%;--awb-order-medium:0;--awb-spacing-right-medium:1.92%;--awb-spacing-left-medium:1.92%;--awb-width-small:100%;--awb-order-small:0;--awb-spacing-right-small:1.92%;--awb-spacing-left-small:1.92%;\"><div class=\"fusion-column-wrapper fusion-column-has-shadow fusion-flex-justify-content-flex-start fusion-content-layout-column\"><div class=\"fusion-title title fusion-title-1 fusion-title-text fusion-title-size-one\" style=\"--awb-margin-bottom:10px;--awb-margin-top-small:0px;--awb-margin-right-small:0px;--awb-margin-bottom-small:20px;--awb-margin-left-small:0px;\"><div class=\"title-sep-container title-sep-container-left fusion-no-large-visibility fusion-no-medium-visibility fusion-no-small-visibility\"><div class=\"title-sep sep- sep-solid\" style=\"border-color:var(--awb-color3);\"><\/div><\/div><span class=\"awb-title-spacer fusion-no-large-visibility fusion-no-medium-visibility fusion-no-small-visibility\"><\/span><h1 class=\"fusion-title-heading title-heading-left fusion-responsive-typography-calculated\" style=\"font-family:&quot;Roboto&quot;;font-style:normal;font-weight:700;margin:0;--fontSize:40;line-height:var(--awb-typography1-line-height);\">Dra. Angela Andersson<\/h1><span class=\"awb-title-spacer\"><\/span><div class=\"title-sep-container title-sep-container-right\"><div class=\"title-sep sep- sep-solid\" style=\"border-color:var(--awb-color3);\"><\/div><\/div><\/div><div class=\"fusion-title title fusion-title-2 fusion-title-text fusion-title-size-three\" style=\"--awb-margin-top-small:0px;--awb-margin-right-small:0px;--awb-margin-bottom-small:20px;--awb-margin-left-small:0px;\"><div class=\"title-sep-container title-sep-container-left fusion-no-large-visibility fusion-no-medium-visibility fusion-no-small-visibility\"><div class=\"title-sep sep- sep-solid\" style=\"border-color:var(--awb-color3);\"><\/div><\/div><span class=\"awb-title-spacer fusion-no-large-visibility fusion-no-medium-visibility fusion-no-small-visibility\"><\/span><h3 class=\"fusion-title-heading title-heading-left fusion-responsive-typography-calculated\" style=\"margin:0;--fontSize:24;--minFontSize:24;line-height:var(--awb-typography2-line-height);\">CEO \/ Director Ejecutivo<\/h3><span class=\"awb-title-spacer\"><\/span><div class=\"title-sep-container title-sep-container-right\"><div class=\"title-sep sep- sep-solid\" style=\"border-color:var(--awb-color3);\"><\/div><\/div><\/div><div class=\"fusion-text fusion-text-1\"><p>La Dra. Angela Andersson se licenci\u00f3 y doctor\u00f3 en Ciencias Pol\u00edticas por la Universidad A&amp;M de Texas. Ense\u00f1\u00f3 en la Universidad Loyola de Chicago antes de empezar a ense\u00f1ar en el Distrito Escolar Unificado de Kenosha en 2000; Angela hizo este cambio para ense\u00f1ar en el nivel de escuela media donde podr\u00eda tener un mayor impacto en los estudiantes proporcion\u00e1ndoles habilidades fundamentales y una creencia en s\u00ed mismos. En enero de 2006, comenz\u00f3 a planificar una escuela con un peque\u00f1o equipo que se convirti\u00f3 en la Kenosha School of Technology Enhanced Curriculum (KTEC) en septiembre de 2007.<\/p>\n<p>Inicialmente, KTEC contaba con 325 alumnos desde preescolar hasta octavo curso y creci\u00f3 hasta tener m\u00e1s de 1220 alumnos. Los miembros del personal trabajaron para crear un plan de estudios centrado en la integraci\u00f3n de las ciencias, las matem\u00e1ticas, la tecnolog\u00eda y la ingenier\u00eda (STEM) en una \u00e9poca en la que no hab\u00eda muchos recursos, pero sab\u00edan que era una forma de implicar a los alumnos en las materias acad\u00e9micas b\u00e1sicas. Este modelo produjo resultados de rendimiento de los estudiantes que superaron o superaron significativamente las expectativas en el bolet\u00edn de calificaciones escolares elaborado por el Departamento de Instrucci\u00f3n P\u00fablica.<\/p>\n<p>A medida que las oportunidades de educaci\u00f3n STEM\/t\u00e9cnica se ampliaron en KTEC, se hizo evidente el deseo de una escuela secundaria que estuviera dise\u00f1ada para satisfacer las necesidades de los estudiantes y de la industria. Por lo tanto, colabor\u00f3 con socios de la industria y la educaci\u00f3n superior para dise\u00f1ar el Plan de Estudios Mejorado de la Escuela Secundaria de Tecnolog\u00eda de Kenosha. La escuela secundaria se inaugur\u00f3 en oto\u00f1o de 2022 y promueve trayectorias profesionales en puestos altamente cualificados y de gran demanda para los estudiantes.<\/p>\n<p>La Dra. Andersson fue directora de KTEC hasta 2023. Est\u00e1 incre\u00edblemente orgullosa de c\u00f3mo el programa curricular de KTEC est\u00e1 produciendo altos niveles de rendimiento para los estudiantes y abriendo puertas a una mayor educaci\u00f3n y carreras en Ciencias, Tecnolog\u00eda, Ingenier\u00eda y Matem\u00e1ticas. Actualmente, trabaja como directora ejecutiva de KTEC Schools y como consultora a nivel local y nacional para garantizar que los estudiantes comprendan las posibilidades que les brinda una educaci\u00f3n t\u00e9cnica rigurosa.<\/p>\n<p>Socios como la Coalici\u00f3n Nacional de Centros de Certificaci\u00f3n (NC3), Snap-on y Festo, entre otros, solicitan a menudo a la Dra. Andersson que hable sobre el modelo KTEC y los itinerarios de educaci\u00f3n t\u00e9cnica con escuelas K-12, instituciones postsecundarias y otros, as\u00ed como en conferencias profesionales. Estas son algunas de sus presentaciones m\u00e1s recientes:<\/p>\n<\/div><ul style=\"--awb-size:18px;--awb-iconcolor:var(--awb-custom_color_4);--awb-textcolor:var(--awb-custom_color_2);--awb-line-height:30.6px;--awb-icon-width:30.6px;--awb-icon-height:30.6px;--awb-icon-margin:12.6px;--awb-content-margin:43.2px;\" class=\"fusion-checklist fusion-checklist-2 fusion-checklist-default type-icons\"><li class=\"fusion-li-item\" style=\"\"><span class=\"icon-wrapper circle-no\"><i class=\"fusion-li-icon fa-angle-right fas\" aria-hidden=\"true\"><\/i><\/span><div class=\"fusion-li-item-content\">\n<p><strong><em>Orientaci\u00f3n hacia la universidad comunitaria<\/em><\/strong> American Association of Community College - Work-force Development Institute- Enero, 2022<\/p>\n<\/div><\/li><li class=\"fusion-li-item\" style=\"\"><span class=\"icon-wrapper circle-no\"><i class=\"fusion-li-icon fa-angle-right fas\" aria-hidden=\"true\"><\/i><\/span><div class=\"fusion-li-item-content\">\n<p><strong><em>\u00c9xitos de las asociaciones<\/em><\/strong> Orientaci\u00f3n de la nueva escuela Cumbre de Liderazgo NC3 - Julio, 2022<\/p>\n<\/div><\/li><li class=\"fusion-li-item\" style=\"\"><span class=\"icon-wrapper circle-no\"><i class=\"fusion-li-icon fa-angle-right fas\" aria-hidden=\"true\"><\/i><\/span><div class=\"fusion-li-item-content\">\n<p><strong><em>Construir itinerarios profesionales<\/em><\/strong> Asociaci\u00f3n de Educaci\u00f3n Profesional y T\u00e9cnica Conferencia Visi\u00f3n de Carrera -Diciembre, 2022<\/p>\n<\/div><\/li><li class=\"fusion-li-item\" style=\"\"><span class=\"icon-wrapper circle-no\"><i class=\"fusion-li-icon fa-angle-right fas\" aria-hidden=\"true\"><\/i><\/span><div class=\"fusion-li-item-content\">\n<p><em><strong>Escuche a sus colegas<\/strong><\/em> Cumbre de Liderazgo NC3 - Julio, 2023<\/p>\n<\/div><\/li><li class=\"fusion-li-item\" style=\"\"><span class=\"icon-wrapper circle-no\"><i class=\"fusion-li-icon fa-angle-right fas\" aria-hidden=\"true\"><\/i><\/span><div class=\"fusion-li-item-content\">\n<p><em><strong>Oportunidades de doble matriculaci\u00f3n en CTE<\/strong><\/em> American Association of Community College - Work-force Development Institute- Enero, 2024<\/p>\n<\/div><\/li><li class=\"fusion-li-item\" style=\"\"><span class=\"icon-wrapper circle-no\"><i class=\"fusion-li-icon fa-angle-right fas\" aria-hidden=\"true\"><\/i><\/span><div class=\"fusion-li-item-content\">\n<p><em><strong>Modelo KTEC de CTE K-12<\/strong><\/em> Conferencia Nacional de la Asociaci\u00f3n Americana de Educaci\u00f3n T\u00e9cnica - Abril, 2024<\/p>\n<\/div><\/li><li class=\"fusion-li-item\" style=\"\"><span class=\"icon-wrapper circle-no\"><i class=\"fusion-li-icon fa-angle-right fas\" aria-hidden=\"true\"><\/i><\/span><div class=\"fusion-li-item-content\">\n<p><em><strong>\u00c9xitos de un modelo integrado y apoyado por la industria de aprendizaje aplicado K-16<\/strong><\/em> ACTE Work-based Learning Conference- Mayo 2024<\/p>\n<\/div><\/li><li class=\"fusion-li-item\" style=\"\"><span class=\"icon-wrapper circle-no\"><i class=\"fusion-li-icon fa-angle-right fas\" aria-hidden=\"true\"><\/i><\/span><div class=\"fusion-li-item-content\">\n<p><em><strong>Discurso: Las asociaciones ya no son algo agradable, sino algo imprescindible<\/strong><\/em> Cumbre de Liderazgo NC3 - Julio, 2024<\/p>\n<\/div><\/li><\/ul><\/div><\/div><\/div><\/div>","protected":false},"excerpt":{"rendered":"","protected":false},"author":1,"featured_media":4937,"parent":1068,"menu_order":0,"comment_status":"closed","ping_status":"closed","template":"","meta":{"footnotes":""},"folder":[],"class_list":["post-4932","page","type-page","status-publish","has-post-thumbnail","hentry"],"yoast_head":"<!-- This site is optimized with the Yoast SEO plugin v27.2 - https:\/\/yoast.com\/product\/yoast-seo-wordpress\/ -->\n<title>Dr. Angela Andersson - KTEC Schools of Innovation<\/title>\n<meta name=\"robots\" content=\"index, follow, max-snippet:-1, max-image-preview:large, max-video-preview:-1\" \/>\n<link rel=\"canonical\" href=\"https:\/\/www.ktecschools.org\/es\/personal\/dr-angela-andersson\/\" \/>\n<meta property=\"og:locale\" content=\"es_MX\" \/>\n<meta property=\"og:type\" content=\"article\" \/>\n<meta property=\"og:title\" content=\"Dr. Angela Andersson - KTEC Schools of Innovation\" \/>\n<meta property=\"og:url\" content=\"https:\/\/www.ktecschools.org\/es\/personal\/dr-angela-andersson\/\" \/>\n<meta property=\"og:site_name\" content=\"KTEC Schools of Innovation\" \/>\n<meta property=\"article:modified_time\" content=\"2025-07-02T19:39:34+00:00\" \/>\n<meta property=\"og:image\" content=\"https:\/\/www.ktecschools.org\/wp-content\/uploads\/2025\/04\/Andersson-Intro_16x9-png.webp\" \/>\n\t<meta property=\"og:image:width\" content=\"1920\" \/>\n\t<meta property=\"og:image:height\" content=\"1080\" \/>\n\t<meta property=\"og:image:type\" content=\"image\/png\" \/>\n<meta name=\"twitter:card\" content=\"summary_large_image\" \/>\n<meta name=\"twitter:label1\" content=\"Tiempo de lectura\" \/>\n\t<meta name=\"twitter:data1\" content=\"3 minutos\" \/>\n<script type=\"application\/ld+json\" class=\"yoast-schema-graph\">{\"@context\":\"https:\/\/schema.org\",\"@graph\":[{\"@type\":\"WebPage\",\"@id\":\"https:\/\/www.ktecschools.org\/es\/staff\/dr-angela-andersson\/\",\"url\":\"https:\/\/www.ktecschools.org\/es\/staff\/dr-angela-andersson\/\",\"name\":\"Dr. Angela Andersson - KTEC Schools of Innovation\",\"isPartOf\":{\"@id\":\"https:\/\/www.ktecschools.org\/#website\"},\"primaryImageOfPage\":{\"@id\":\"https:\/\/www.ktecschools.org\/es\/staff\/dr-angela-andersson\/#primaryimage\"},\"image\":{\"@id\":\"https:\/\/www.ktecschools.org\/es\/staff\/dr-angela-andersson\/#primaryimage\"},\"thumbnailUrl\":\"https:\/\/www.ktecschools.org\/wp-content\/uploads\/2025\/04\/Andersson-Intro_16x9-png.webp\",\"datePublished\":\"2025-04-30T20:20:30+00:00\",\"dateModified\":\"2025-07-02T19:39:34+00:00\",\"breadcrumb\":{\"@id\":\"https:\/\/www.ktecschools.org\/es\/staff\/dr-angela-andersson\/#breadcrumb\"},\"inLanguage\":\"es\",\"potentialAction\":[{\"@type\":\"ReadAction\",\"target\":[\"https:\/\/www.ktecschools.org\/es\/staff\/dr-angela-andersson\/\"]}]},{\"@type\":\"ImageObject\",\"inLanguage\":\"es\",\"@id\":\"https:\/\/www.ktecschools.org\/es\/staff\/dr-angela-andersson\/#primaryimage\",\"url\":\"https:\/\/www.ktecschools.org\/wp-content\/uploads\/2025\/04\/Andersson-Intro_16x9-png.webp\",\"contentUrl\":\"https:\/\/www.ktecschools.org\/wp-content\/uploads\/2025\/04\/Andersson-Intro_16x9-png.webp\",\"width\":1920,\"height\":1080,\"caption\":\"Andersson Intro 16x9\"},{\"@type\":\"BreadcrumbList\",\"@id\":\"https:\/\/www.ktecschools.org\/es\/staff\/dr-angela-andersson\/#breadcrumb\",\"itemListElement\":[{\"@type\":\"ListItem\",\"position\":1,\"name\":\"Home\",\"item\":\"https:\/\/www.ktecschools.org\/\"},{\"@type\":\"ListItem\",\"position\":2,\"name\":\"Staff\",\"item\":\"https:\/\/www.ktecschools.org\/es\/staff\/\"},{\"@type\":\"ListItem\",\"position\":3,\"name\":\"Dr. Angela Andersson\"}]},{\"@type\":\"WebSite\",\"@id\":\"https:\/\/www.ktecschools.org\/#website\",\"url\":\"https:\/\/www.ktecschools.org\/\",\"name\":\"KTEC Schools of Innovation\",\"description\":\"Educating the Innovators of Tomorrow, Today\",\"publisher\":{\"@id\":\"https:\/\/www.ktecschools.org\/#organization\"},\"potentialAction\":[{\"@type\":\"SearchAction\",\"target\":{\"@type\":\"EntryPoint\",\"urlTemplate\":\"https:\/\/www.ktecschools.org\/?s={search_term_string}\"},\"query-input\":{\"@type\":\"PropertyValueSpecification\",\"valueRequired\":true,\"valueName\":\"search_term_string\"}}],\"inLanguage\":\"es\"},{\"@type\":\"Organization\",\"@id\":\"https:\/\/www.ktecschools.org\/#organization\",\"name\":\"KTEC\",\"url\":\"https:\/\/www.ktecschools.org\/\",\"logo\":{\"@type\":\"ImageObject\",\"inLanguage\":\"es\",\"@id\":\"https:\/\/www.ktecschools.org\/#\/schema\/logo\/image\/\",\"url\":\"https:\/\/www.ktecschools.org\/wp-content\/uploads\/2022\/08\/KTEC_HSpreviewimage_082622-1.jpg\",\"contentUrl\":\"https:\/\/www.ktecschools.org\/wp-content\/uploads\/2022\/08\/KTEC_HSpreviewimage_082622-1.jpg\",\"width\":1200,\"height\":630,\"caption\":\"KTEC\"},\"image\":{\"@id\":\"https:\/\/www.ktecschools.org\/#\/schema\/logo\/image\/\"}}]}<\/script>\n<!-- \/ Yoast SEO plugin. -->","yoast_head_json":{"title":"Dra. Angela Andersson - Escuelas de Innovaci\u00f3n KTEC","robots":{"index":"index","follow":"follow","max-snippet":"max-snippet:-1","max-image-preview":"max-image-preview:large","max-video-preview":"max-video-preview:-1"},"canonical":"https:\/\/www.ktecschools.org\/es\/personal\/dr-angela-andersson\/","og_locale":"es_MX","og_type":"article","og_title":"Dr. Angela Andersson - KTEC Schools of Innovation","og_url":"https:\/\/www.ktecschools.org\/es\/personal\/dr-angela-andersson\/","og_site_name":"KTEC Schools of Innovation","article_modified_time":"2025-07-02T19:39:34+00:00","og_image":[{"width":1920,"height":1080,"url":"https:\/\/www.ktecschools.org\/wp-content\/uploads\/2025\/04\/Andersson-Intro_16x9-png.webp","type":"image\/png"}],"twitter_card":"summary_large_image","twitter_misc":{"Tiempo de lectura":"3 minutos"},"schema":{"@context":"https:\/\/schema.org","@graph":[{"@type":"WebPage","@id":"https:\/\/www.ktecschools.org\/es\/staff\/dr-angela-andersson\/","url":"https:\/\/www.ktecschools.org\/es\/staff\/dr-angela-andersson\/","name":"Dra. Angela Andersson - Escuelas de Innovaci\u00f3n KTEC","isPartOf":{"@id":"https:\/\/www.ktecschools.org\/#website"},"primaryImageOfPage":{"@id":"https:\/\/www.ktecschools.org\/es\/staff\/dr-angela-andersson\/#primaryimage"},"image":{"@id":"https:\/\/www.ktecschools.org\/es\/staff\/dr-angela-andersson\/#primaryimage"},"thumbnailUrl":"https:\/\/www.ktecschools.org\/wp-content\/uploads\/2025\/04\/Andersson-Intro_16x9-png.webp","datePublished":"2025-04-30T20:20:30+00:00","dateModified":"2025-07-02T19:39:34+00:00","breadcrumb":{"@id":"https:\/\/www.ktecschools.org\/es\/staff\/dr-angela-andersson\/#breadcrumb"},"inLanguage":"es","potentialAction":[{"@type":"ReadAction","target":["https:\/\/www.ktecschools.org\/es\/staff\/dr-angela-andersson\/"]}]},{"@type":"ImageObject","inLanguage":"es","@id":"https:\/\/www.ktecschools.org\/es\/staff\/dr-angela-andersson\/#primaryimage","url":"https:\/\/www.ktecschools.org\/wp-content\/uploads\/2025\/04\/Andersson-Intro_16x9-png.webp","contentUrl":"https:\/\/www.ktecschools.org\/wp-content\/uploads\/2025\/04\/Andersson-Intro_16x9-png.webp","width":1920,"height":1080,"caption":"Andersson Intro 16x9"},{"@type":"BreadcrumbList","@id":"https:\/\/www.ktecschools.org\/es\/staff\/dr-angela-andersson\/#breadcrumb","itemListElement":[{"@type":"ListItem","position":1,"name":"Home","item":"https:\/\/www.ktecschools.org\/"},{"@type":"ListItem","position":2,"name":"Staff","item":"https:\/\/www.ktecschools.org\/es\/staff\/"},{"@type":"ListItem","position":3,"name":"Dr. Angela Andersson"}]},{"@type":"WebSite","@id":"https:\/\/www.ktecschools.org\/#website","url":"https:\/\/www.ktecschools.org\/","name":"Escuelas de Innovaci\u00f3n KTEC","description":"Educar hoy a los innovadores del ma\u00f1ana","publisher":{"@id":"https:\/\/www.ktecschools.org\/#organization"},"potentialAction":[{"@type":"SearchAction","target":{"@type":"EntryPoint","urlTemplate":"https:\/\/www.ktecschools.org\/?s={search_term_string}"},"query-input":{"@type":"PropertyValueSpecification","valueRequired":true,"valueName":"search_term_string"}}],"inLanguage":"es"},{"@type":"Organization","@id":"https:\/\/www.ktecschools.org\/#organization","name":"KTEC","url":"https:\/\/www.ktecschools.org\/","logo":{"@type":"ImageObject","inLanguage":"es","@id":"https:\/\/www.ktecschools.org\/#\/schema\/logo\/image\/","url":"https:\/\/www.ktecschools.org\/wp-content\/uploads\/2022\/08\/KTEC_HSpreviewimage_082622-1.jpg","contentUrl":"https:\/\/www.ktecschools.org\/wp-content\/uploads\/2022\/08\/KTEC_HSpreviewimage_082622-1.jpg","width":1200,"height":630,"caption":"KTEC"},"image":{"@id":"https:\/\/www.ktecschools.org\/#\/schema\/logo\/image\/"}}]}},"_links":{"self":[{"href":"https:\/\/www.ktecschools.org\/es\/wp-json\/wp\/v2\/pages\/4932","targetHints":{"allow":["GET"]}}],"collection":[{"href":"https:\/\/www.ktecschools.org\/es\/wp-json\/wp\/v2\/pages"}],"about":[{"href":"https:\/\/www.ktecschools.org\/es\/wp-json\/wp\/v2\/types\/page"}],"author":[{"embeddable":true,"href":"https:\/\/www.ktecschools.org\/es\/wp-json\/wp\/v2\/users\/1"}],"replies":[{"embeddable":true,"href":"https:\/\/www.ktecschools.org\/es\/wp-json\/wp\/v2\/comments?post=4932"}],"version-history":[{"count":4,"href":"https:\/\/www.ktecschools.org\/es\/wp-json\/wp\/v2\/pages\/4932\/revisions"}],"predecessor-version":[{"id":4936,"href":"https:\/\/www.ktecschools.org\/es\/wp-json\/wp\/v2\/pages\/4932\/revisions\/4936"}],"up":[{"embeddable":true,"href":"https:\/\/www.ktecschools.org\/es\/wp-json\/wp\/v2\/pages\/1068"}],"wp:featuredmedia":[{"embeddable":true,"href":"https:\/\/www.ktecschools.org\/es\/wp-json\/wp\/v2\/media\/4937"}],"wp:attachment":[{"href":"https:\/\/www.ktecschools.org\/es\/wp-json\/wp\/v2\/media?parent=4932"}],"wp:term":[{"taxonomy":"folder","embeddable":true,"href":"https:\/\/www.ktecschools.org\/es\/wp-json\/wp\/v2\/folder?post=4932"}],"curies":[{"name":"wp","href":"https:\/\/api.w.org\/{rel}","templated":true}]}}