{"id":4829,"date":"2025-04-24T09:36:08","date_gmt":"2025-04-24T14:36:08","guid":{"rendered":"https:\/\/www.ktecschools.org\/?page_id=4829"},"modified":"2026-04-20T15:05:45","modified_gmt":"2026-04-20T20:05:45","slug":"gracias-por-su-solicitud-espanol-2026-2027","status":"publish","type":"page","link":"https:\/\/www.ktecschools.org\/es\/gracias-por-su-solicitud-espanol-2026-2027\/","title":{"rendered":"Gracias Por Su Solicitud | Espa\u00f1ol | 2026\/2027"},"content":{"rendered":"<div class=\"fusion-fullwidth fullwidth-box fusion-builder-row-1 fusion-flex-container has-pattern-background has-mask-background nonhundred-percent-fullwidth non-hundred-percent-height-scrolling\" style=\"--awb-border-radius-top-left:0px;--awb-border-radius-top-right:0px;--awb-border-radius-bottom-right:0px;--awb-border-radius-bottom-left:0px;--awb-flex-wrap:wrap;\" ><div class=\"fusion-builder-row fusion-row fusion-flex-align-items-flex-start fusion-flex-content-wrap\" style=\"max-width:1456px;margin-left: calc(-4% \/ 2 );margin-right: calc(-4% \/ 2 );\"><div class=\"fusion-layout-column fusion_builder_column fusion-builder-column-0 awb-sticky awb-sticky-small awb-sticky-medium awb-sticky-large fusion_builder_column_1_1 1_1 fusion-flex-column\" style=\"--awb-padding-top:30px;--awb-padding-right:30px;--awb-padding-bottom:30px;--awb-padding-left:30px;--awb-overflow:hidden;--awb-bg-color:#f9f7f7;--awb-bg-color-hover:#f9f7f7;--awb-bg-size:cover;--awb-box-shadow:0px 0px 2px 2px var(--awb-custom_color_1);;--awb-border-color:var(--awb-custom_color_1);--awb-border-style:solid;--awb-border-radius:10px 10px 10px 10px;--awb-width-large:100%;--awb-margin-top-large:20px;--awb-spacing-right-large:1.92%;--awb-margin-bottom-large:20px;--awb-spacing-left-large:1.92%;--awb-width-medium:100%;--awb-order-medium:0;--awb-spacing-right-medium:1.92%;--awb-spacing-left-medium:1.92%;--awb-width-small:100%;--awb-order-small:0;--awb-spacing-right-small:1.92%;--awb-spacing-left-small:1.92%;--awb-sticky-offset:20px;\" data-scroll-devices=\"small-visibility,medium-visibility,large-visibility\"><div class=\"fusion-column-wrapper fusion-column-has-shadow fusion-flex-justify-content-flex-start fusion-content-layout-column\"><div class=\"fusion-title title fusion-title-1 fusion-title-center fusion-title-text fusion-title-size-one\" style=\"--awb-text-color:var(--awb-color8);--awb-margin-bottom:0px;--awb-margin-top-small:0px;--awb-margin-right-small:0px;--awb-margin-bottom-small:20px;--awb-margin-left-small:0px;\"><div class=\"title-sep-container title-sep-container-left\"><div class=\"title-sep sep- sep-solid\" style=\"border-color:var(--awb-color3);\"><\/div><\/div><span class=\"awb-title-spacer\"><\/span><h1 class=\"fusion-title-heading title-heading-center fusion-responsive-typography-calculated\" style=\"margin:0;--fontSize:40;line-height:var(--awb-typography1-line-height);\"><h2 class=\"\" data-start=\"51\" data-end=\"83\">Confirmaci\u00f3n de Inscripci\u00f3n<\/h2><\/h1><span class=\"awb-title-spacer\"><\/span><div class=\"title-sep-container title-sep-container-right\"><div class=\"title-sep sep- sep-solid\" style=\"border-color:var(--awb-color3);\"><\/div><\/div><\/div><div class=\"fusion-text fusion-text-1\"><h3 data-start=\"99\" data-end=\"129\">\u00a1Gracias por su solicitud!<\/h3>\n<p data-start=\"131\" data-end=\"213\">Su solicitud de inscripci\u00f3n para el a\u00f1o escolar 2026\u20132027 se ha enviado con \u00e9xito.<\/p>\n<h3 data-start=\"215\" data-end=\"233\">Pr\u00f3ximos pasos<\/h3>\n<p>Hemos recibido su solicitud y nos comunicaremos con usted pronto con respecto al estado de inscripci\u00f3n de su estudiante para el pr\u00f3ximo a\u00f1o escolar.<\/p>\n<p data-start=\"445\" data-end=\"594\">Por favor, revise su correo electr\u00f3nico para obtener actualizaciones e informaci\u00f3n adicional sobre los siguientes pasos en el proceso de inscripci\u00f3n.<\/p>\n<h3 data-start=\"596\" data-end=\"611\">\u00bfPreguntas?<\/h3>\n<p data-start=\"613\" data-end=\"678\">Si tiene alguna pregunta o necesita ayuda, por favor cont\u00e1ctenos:<\/p>\n<p data-start=\"680\" data-end=\"760\"><strong data-start=\"680\" data-end=\"693\">Tel\u00e9fono:<\/strong> 262-286-0320<br data-start=\"706\" data-end=\"709\" \/><strong data-start=\"709\" data-end=\"732\">Correo electr\u00f3nico:<\/strong> <a class=\"decorated-link cursor-pointer\" rel=\"noopener\" data-start=\"733\" data-end=\"758\">questions@ktecschools.org<\/a><\/p>\n<p data-start=\"762\" data-end=\"871\">Gracias por elegir KTEC Schools of Innovation. \u00a1Agradecemos su inter\u00e9s y esperamos mantenernos en contacto!<\/p>\n<\/div><\/div><\/div><\/div><\/div>","protected":false},"excerpt":{"rendered":"","protected":false},"author":1,"featured_media":0,"parent":0,"menu_order":0,"comment_status":"closed","ping_status":"closed","template":"100-width.php","meta":{"footnotes":""},"folder":[40],"class_list":["post-4829","page","type-page","status-publish","hentry"],"yoast_head":"<!-- This site is optimized with the Yoast SEO plugin v27.5 - https:\/\/yoast.com\/product\/yoast-seo-wordpress\/ -->\n<title>Gracias Por Su Solicitud | Espa\u00f1ol | 2026\/2027 - KTEC Schools of Innovation<\/title>\n<meta name=\"description\" content=\"Confirme la inscripci\u00f3n de su estudiante en KTEC Schools of Innovation para el a\u00f1o escolar 2026-2027.\" \/>\n<meta name=\"robots\" content=\"index, follow, max-snippet:-1, max-image-preview:large, max-video-preview:-1\" \/>\n<link rel=\"canonical\" href=\"https:\/\/www.ktecschools.org\/es\/gracias-por-su-solicitud-espanol-2026-2027\/\" \/>\n<meta property=\"og:locale\" content=\"es_MX\" \/>\n<meta property=\"og:type\" content=\"article\" \/>\n<meta property=\"og:title\" content=\"Gracias Por Su Solicitud | Espa\u00f1ol | 2026\/2027 - KTEC Schools of Innovation\" \/>\n<meta property=\"og:description\" content=\"Confirme la inscripci\u00f3n de su estudiante en KTEC Schools of Innovation para el a\u00f1o escolar 2026-2027.\" \/>\n<meta property=\"og:url\" content=\"https:\/\/www.ktecschools.org\/es\/gracias-por-su-solicitud-espanol-2026-2027\/\" \/>\n<meta property=\"og:site_name\" content=\"KTEC Schools of Innovation\" \/>\n<meta property=\"article:modified_time\" content=\"2026-04-20T20:05:45+00:00\" \/>\n<meta property=\"og:image\" content=\"https:\/\/www.ktecschools.org\/wp-content\/uploads\/2025\/01\/KTEC_Home-Yoast_011725_01-png.webp\" \/>\n\t<meta property=\"og:image:width\" content=\"1920\" \/>\n\t<meta property=\"og:image:height\" content=\"1080\" \/>\n\t<meta property=\"og:image:type\" content=\"image\/png\" \/>\n<meta name=\"twitter:card\" content=\"summary_large_image\" \/>\n<meta name=\"twitter:label1\" content=\"Tiempo de lectura\" \/>\n\t<meta name=\"twitter:data1\" content=\"1 minuto\" \/>\n<script type=\"application\/ld+json\" class=\"yoast-schema-graph\">{\"@context\":\"https:\\\/\\\/schema.org\",\"@graph\":[{\"@type\":\"WebPage\",\"@id\":\"https:\\\/\\\/www.ktecschools.org\\\/gracias-por-su-solicitud-espanol-2026-2027\\\/\",\"url\":\"https:\\\/\\\/www.ktecschools.org\\\/gracias-por-su-solicitud-espanol-2026-2027\\\/\",\"name\":\"Gracias Por Su Solicitud | Espa\u00f1ol | 2026\\\/2027 - KTEC Schools of Innovation\",\"isPartOf\":{\"@id\":\"https:\\\/\\\/www.ktecschools.org\\\/#website\"},\"datePublished\":\"2025-04-24T14:36:08+00:00\",\"dateModified\":\"2026-04-20T20:05:45+00:00\",\"description\":\"Confirme la inscripci\u00f3n de su estudiante en KTEC Schools of Innovation para el a\u00f1o escolar 2026-2027.\",\"breadcrumb\":{\"@id\":\"https:\\\/\\\/www.ktecschools.org\\\/gracias-por-su-solicitud-espanol-2026-2027\\\/#breadcrumb\"},\"inLanguage\":\"es\",\"potentialAction\":[{\"@type\":\"ReadAction\",\"target\":[\"https:\\\/\\\/www.ktecschools.org\\\/gracias-por-su-solicitud-espanol-2026-2027\\\/\"]}]},{\"@type\":\"BreadcrumbList\",\"@id\":\"https:\\\/\\\/www.ktecschools.org\\\/gracias-por-su-solicitud-espanol-2026-2027\\\/#breadcrumb\",\"itemListElement\":[{\"@type\":\"ListItem\",\"position\":1,\"name\":\"Home\",\"item\":\"https:\\\/\\\/www.ktecschools.org\\\/\"},{\"@type\":\"ListItem\",\"position\":2,\"name\":\"Gracias Por Su Solicitud | Espa\u00f1ol | 2026\\\/2027\"}]},{\"@type\":\"WebSite\",\"@id\":\"https:\\\/\\\/www.ktecschools.org\\\/#website\",\"url\":\"https:\\\/\\\/www.ktecschools.org\\\/\",\"name\":\"KTEC Schools of Innovation\",\"description\":\"Educating the Innovators of Tomorrow, Today\",\"publisher\":{\"@id\":\"https:\\\/\\\/www.ktecschools.org\\\/#organization\"},\"potentialAction\":[{\"@type\":\"SearchAction\",\"target\":{\"@type\":\"EntryPoint\",\"urlTemplate\":\"https:\\\/\\\/www.ktecschools.org\\\/?s={search_term_string}\"},\"query-input\":{\"@type\":\"PropertyValueSpecification\",\"valueRequired\":true,\"valueName\":\"search_term_string\"}}],\"inLanguage\":\"es\"},{\"@type\":\"Organization\",\"@id\":\"https:\\\/\\\/www.ktecschools.org\\\/#organization\",\"name\":\"KTEC\",\"url\":\"https:\\\/\\\/www.ktecschools.org\\\/\",\"logo\":{\"@type\":\"ImageObject\",\"inLanguage\":\"es\",\"@id\":\"https:\\\/\\\/www.ktecschools.org\\\/#\\\/schema\\\/logo\\\/image\\\/\",\"url\":\"https:\\\/\\\/www.ktecschools.org\\\/wp-content\\\/uploads\\\/2022\\\/08\\\/KTEC_HSpreviewimage_082622-1.jpg\",\"contentUrl\":\"https:\\\/\\\/www.ktecschools.org\\\/wp-content\\\/uploads\\\/2022\\\/08\\\/KTEC_HSpreviewimage_082622-1.jpg\",\"width\":1200,\"height\":630,\"caption\":\"KTEC\"},\"image\":{\"@id\":\"https:\\\/\\\/www.ktecschools.org\\\/#\\\/schema\\\/logo\\\/image\\\/\"}}]}<\/script>\n<!-- \/ Yoast SEO plugin. -->","yoast_head_json":{"title":"Gracias Por Su Solicitud | Espa\u00f1ol | 2026\/2027 - KTEC Schools of Innovation","description":"Confirme la inscripci\u00f3n de su estudiante en KTEC Schools of Innovation para el a\u00f1o escolar 2026-2027.","robots":{"index":"index","follow":"follow","max-snippet":"max-snippet:-1","max-image-preview":"max-image-preview:large","max-video-preview":"max-video-preview:-1"},"canonical":"https:\/\/www.ktecschools.org\/es\/gracias-por-su-solicitud-espanol-2026-2027\/","og_locale":"es_MX","og_type":"article","og_title":"Gracias Por Su Solicitud | Espa\u00f1ol | 2026\/2027 - KTEC Schools of Innovation","og_description":"Confirme la inscripci\u00f3n de su estudiante en KTEC Schools of Innovation para el a\u00f1o escolar 2026-2027.","og_url":"https:\/\/www.ktecschools.org\/es\/gracias-por-su-solicitud-espanol-2026-2027\/","og_site_name":"KTEC Schools of Innovation","article_modified_time":"2026-04-20T20:05:45+00:00","og_image":[{"width":1920,"height":1080,"url":"https:\/\/www.ktecschools.org\/wp-content\/uploads\/2025\/01\/KTEC_Home-Yoast_011725_01-png.webp","type":"image\/png"}],"twitter_card":"summary_large_image","twitter_misc":{"Tiempo de lectura":"1 minuto"},"schema":{"@context":"https:\/\/schema.org","@graph":[{"@type":"WebPage","@id":"https:\/\/www.ktecschools.org\/gracias-por-su-solicitud-espanol-2026-2027\/","url":"https:\/\/www.ktecschools.org\/gracias-por-su-solicitud-espanol-2026-2027\/","name":"Gracias Por Su Solicitud | Espa\u00f1ol | 2026\/2027 - KTEC Schools of Innovation","isPartOf":{"@id":"https:\/\/www.ktecschools.org\/#website"},"datePublished":"2025-04-24T14:36:08+00:00","dateModified":"2026-04-20T20:05:45+00:00","description":"Confirme la inscripci\u00f3n de su estudiante en KTEC Schools of Innovation para el a\u00f1o escolar 2026-2027.","breadcrumb":{"@id":"https:\/\/www.ktecschools.org\/gracias-por-su-solicitud-espanol-2026-2027\/#breadcrumb"},"inLanguage":"es","potentialAction":[{"@type":"ReadAction","target":["https:\/\/www.ktecschools.org\/gracias-por-su-solicitud-espanol-2026-2027\/"]}]},{"@type":"BreadcrumbList","@id":"https:\/\/www.ktecschools.org\/gracias-por-su-solicitud-espanol-2026-2027\/#breadcrumb","itemListElement":[{"@type":"ListItem","position":1,"name":"Home","item":"https:\/\/www.ktecschools.org\/"},{"@type":"ListItem","position":2,"name":"Gracias Por Su Solicitud | Espa\u00f1ol | 2026\/2027"}]},{"@type":"WebSite","@id":"https:\/\/www.ktecschools.org\/#website","url":"https:\/\/www.ktecschools.org\/","name":"Escuelas de Innovaci\u00f3n KTEC","description":"Educar hoy a los innovadores del ma\u00f1ana","publisher":{"@id":"https:\/\/www.ktecschools.org\/#organization"},"potentialAction":[{"@type":"SearchAction","target":{"@type":"EntryPoint","urlTemplate":"https:\/\/www.ktecschools.org\/?s={search_term_string}"},"query-input":{"@type":"PropertyValueSpecification","valueRequired":true,"valueName":"search_term_string"}}],"inLanguage":"es"},{"@type":"Organization","@id":"https:\/\/www.ktecschools.org\/#organization","name":"KTEC","url":"https:\/\/www.ktecschools.org\/","logo":{"@type":"ImageObject","inLanguage":"es","@id":"https:\/\/www.ktecschools.org\/#\/schema\/logo\/image\/","url":"https:\/\/www.ktecschools.org\/wp-content\/uploads\/2022\/08\/KTEC_HSpreviewimage_082622-1.jpg","contentUrl":"https:\/\/www.ktecschools.org\/wp-content\/uploads\/2022\/08\/KTEC_HSpreviewimage_082622-1.jpg","width":1200,"height":630,"caption":"KTEC"},"image":{"@id":"https:\/\/www.ktecschools.org\/#\/schema\/logo\/image\/"}}]}},"_links":{"self":[{"href":"https:\/\/www.ktecschools.org\/es\/wp-json\/wp\/v2\/pages\/4829","targetHints":{"allow":["GET"]}}],"collection":[{"href":"https:\/\/www.ktecschools.org\/es\/wp-json\/wp\/v2\/pages"}],"about":[{"href":"https:\/\/www.ktecschools.org\/es\/wp-json\/wp\/v2\/types\/page"}],"author":[{"embeddable":true,"href":"https:\/\/www.ktecschools.org\/es\/wp-json\/wp\/v2\/users\/1"}],"replies":[{"embeddable":true,"href":"https:\/\/www.ktecschools.org\/es\/wp-json\/wp\/v2\/comments?post=4829"}],"version-history":[{"count":5,"href":"https:\/\/www.ktecschools.org\/es\/wp-json\/wp\/v2\/pages\/4829\/revisions"}],"predecessor-version":[{"id":5983,"href":"https:\/\/www.ktecschools.org\/es\/wp-json\/wp\/v2\/pages\/4829\/revisions\/5983"}],"wp:attachment":[{"href":"https:\/\/www.ktecschools.org\/es\/wp-json\/wp\/v2\/media?parent=4829"}],"wp:term":[{"taxonomy":"folder","embeddable":true,"href":"https:\/\/www.ktecschools.org\/es\/wp-json\/wp\/v2\/folder?post=4829"}],"curies":[{"name":"wp","href":"https:\/\/api.w.org\/{rel}","templated":true}]}}