{"id":3837,"date":"2024-06-25T13:40:10","date_gmt":"2024-06-25T18:40:10","guid":{"rendered":"https:\/\/www.ktecschools.org\/?page_id=3837"},"modified":"2025-04-24T10:42:51","modified_gmt":"2025-04-24T15:42:51","slug":"schedule-a-tour-confirmation","status":"publish","type":"page","link":"https:\/\/www.ktecschools.org\/es\/schedule-a-tour-confirmation\/","title":{"rendered":"Programar una visita Confirmaci\u00f3n"},"content":{"rendered":"<div class=\"fusion-fullwidth fullwidth-box fusion-builder-row-1 fusion-flex-container has-pattern-background has-mask-background nonhundred-percent-fullwidth non-hundred-percent-height-scrolling\" style=\"--awb-border-radius-top-left:0px;--awb-border-radius-top-right:0px;--awb-border-radius-bottom-right:0px;--awb-border-radius-bottom-left:0px;--awb-flex-wrap:wrap;\" ><div class=\"fusion-builder-row fusion-row fusion-flex-align-items-flex-start fusion-flex-content-wrap\" style=\"max-width:1456px;margin-left: calc(-4% \/ 2 );margin-right: calc(-4% \/ 2 );\"><div class=\"fusion-layout-column fusion_builder_column fusion-builder-column-0 awb-sticky awb-sticky-small awb-sticky-medium awb-sticky-large fusion_builder_column_1_1 1_1 fusion-flex-column\" style=\"--awb-padding-top:30px;--awb-padding-right:30px;--awb-padding-bottom:30px;--awb-padding-left:30px;--awb-overflow:hidden;--awb-bg-color:#f9f7f7;--awb-bg-color-hover:#f9f7f7;--awb-bg-size:cover;--awb-box-shadow:0px 0px 2px 2px var(--awb-custom_color_1);;--awb-border-color:var(--awb-custom_color_1);--awb-border-style:solid;--awb-border-radius:10px 10px 10px 10px;--awb-width-large:100%;--awb-margin-top-large:20px;--awb-spacing-right-large:1.92%;--awb-margin-bottom-large:20px;--awb-spacing-left-large:1.92%;--awb-width-medium:100%;--awb-order-medium:0;--awb-spacing-right-medium:1.92%;--awb-spacing-left-medium:1.92%;--awb-width-small:100%;--awb-order-small:0;--awb-spacing-right-small:1.92%;--awb-spacing-left-small:1.92%;--awb-sticky-offset:20px;\" data-scroll-devices=\"small-visibility,medium-visibility,large-visibility\"><div class=\"fusion-column-wrapper fusion-column-has-shadow fusion-flex-justify-content-flex-start fusion-content-layout-column\"><div class=\"fusion-title title fusion-title-1 fusion-sep-none fusion-title-center fusion-title-text fusion-title-size-two\" style=\"--awb-margin-top-small:0px;--awb-margin-right-small:0px;--awb-margin-bottom-small:20px;--awb-margin-left-small:0px;\"><h2 class=\"fusion-title-heading title-heading-center fusion-responsive-typography-calculated\" style=\"margin:0;--fontSize:33;line-height:var(--awb-typography1-line-height);\">Gracias por concertar una visita a las Escuelas de Innovaci\u00f3n KTEC.<\/h2><\/div><div class=\"fusion-text fusion-text-1\"><p style=\"text-align: center;\">Estamos encantados de darle la bienvenida y ofrecerle una visi\u00f3n de primera mano de nuestro campus, programas y comunidad escolar. Durante su visita, tendr\u00e1 la oportunidad de conocer a nuestro dedicado personal, explorar nuestras aulas y ver por qu\u00e9 KTEC es l\u00edder en educaci\u00f3n innovadora.<\/p>\n<\/div><div class=\"fusion-separator\" style=\"align-self: center;margin-left: auto;margin-right: auto;margin-top:25px;margin-bottom:40px;width:100%;max-width:75%;\"><div class=\"fusion-separator-border sep-single sep-solid\" style=\"--awb-height:20px;--awb-amount:20px;border-color:var(--awb-color3);border-top-width:1px;\"><\/div><\/div><div class=\"fusion-text fusion-text-2\"><p style=\"text-align: center;\">Para preparar su visita, le recomendamos que consulte nuestro sitio web. Si tiene alguna pregunta inmediata o necesita cambiar la fecha, p\u00f3ngase en contacto con nuestra oficina de admisiones en <strong>262.286.0320<\/strong> o <strong><a href=\"mailto:questions@ktecschools.org\">questions@ktecschools.org<\/a><\/strong>. S\u00edguenos en las redes sociales para estar al d\u00eda de las \u00faltimas novedades de KTEC Schools of Innovation.<\/p>\n<\/div><div style=\"text-align:center;\"><a class=\"fusion-button button-flat fusion-button-default-size button-default fusion-button-default button-1 fusion-button-default-span fusion-button-default-type\" style=\"--button-border-radius-top-left:0;--button-border-radius-top-right:0;--button-border-radius-bottom-right:0;--button-border-radius-bottom-left:0;--button_margin-top:15px;--button_margin-bottom:15px;\" target=\"_self\" href=\"https:\/\/www.ktecschools.org\/es\/\"><span class=\"fusion-button-text awb-button__text awb-button__text--default\">VOLVER A LA P\u00c1GINA DE INICIO<\/span><\/a><\/div><\/div><\/div><\/div><\/div>","protected":false},"excerpt":{"rendered":"","protected":false},"author":1,"featured_media":0,"parent":0,"menu_order":0,"comment_status":"closed","ping_status":"closed","template":"","meta":{"footnotes":""},"folder":[],"class_list":["post-3837","page","type-page","status-publish","hentry"],"yoast_head":"<!-- This site is optimized with the Yoast SEO plugin v27.2 - https:\/\/yoast.com\/product\/yoast-seo-wordpress\/ -->\n<title>Schedule A Tour Confirmation - KTEC Schools of Innovation<\/title>\n<meta name=\"robots\" content=\"index, follow, max-snippet:-1, max-image-preview:large, max-video-preview:-1\" \/>\n<link rel=\"canonical\" href=\"http:\/\/www.ktecschools.org\/es\/schedule-a-tour-confirmation\/\" \/>\n<meta property=\"og:locale\" content=\"es_MX\" \/>\n<meta property=\"og:type\" content=\"article\" \/>\n<meta property=\"og:title\" content=\"Schedule A Tour Confirmation - KTEC Schools of Innovation\" \/>\n<meta property=\"og:url\" content=\"http:\/\/www.ktecschools.org\/es\/schedule-a-tour-confirmation\/\" \/>\n<meta property=\"og:site_name\" content=\"KTEC Schools of Innovation\" \/>\n<meta property=\"article:modified_time\" content=\"2025-04-24T15:42:51+00:00\" \/>\n<meta property=\"og:image\" content=\"https:\/\/www.ktecschools.org\/wp-content\/uploads\/2025\/01\/KTEC_Home-Yoast_011725_01-png.webp\" \/>\n\t<meta property=\"og:image:width\" content=\"1920\" \/>\n\t<meta property=\"og:image:height\" content=\"1080\" \/>\n\t<meta property=\"og:image:type\" content=\"image\/png\" \/>\n<meta name=\"twitter:card\" content=\"summary_large_image\" \/>\n<meta name=\"twitter:label1\" content=\"Tiempo de lectura\" \/>\n\t<meta name=\"twitter:data1\" content=\"1 minuto\" \/>\n<script type=\"application\/ld+json\" class=\"yoast-schema-graph\">{\"@context\":\"https:\/\/schema.org\",\"@graph\":[{\"@type\":\"WebPage\",\"@id\":\"http:\/\/www.ktecschools.org\/schedule-a-tour-confirmation\/\",\"url\":\"http:\/\/www.ktecschools.org\/schedule-a-tour-confirmation\/\",\"name\":\"Schedule A Tour Confirmation - KTEC Schools of Innovation\",\"isPartOf\":{\"@id\":\"https:\/\/www.ktecschools.org\/#website\"},\"datePublished\":\"2024-06-25T18:40:10+00:00\",\"dateModified\":\"2025-04-24T15:42:51+00:00\",\"breadcrumb\":{\"@id\":\"http:\/\/www.ktecschools.org\/schedule-a-tour-confirmation\/#breadcrumb\"},\"inLanguage\":\"es\",\"potentialAction\":[{\"@type\":\"ReadAction\",\"target\":[\"http:\/\/www.ktecschools.org\/schedule-a-tour-confirmation\/\"]}]},{\"@type\":\"BreadcrumbList\",\"@id\":\"http:\/\/www.ktecschools.org\/schedule-a-tour-confirmation\/#breadcrumb\",\"itemListElement\":[{\"@type\":\"ListItem\",\"position\":1,\"name\":\"Home\",\"item\":\"https:\/\/www.ktecschools.org\/\"},{\"@type\":\"ListItem\",\"position\":2,\"name\":\"Schedule A Tour Confirmation\"}]},{\"@type\":\"WebSite\",\"@id\":\"https:\/\/www.ktecschools.org\/#website\",\"url\":\"https:\/\/www.ktecschools.org\/\",\"name\":\"KTEC Schools of Innovation\",\"description\":\"Educating the Innovators of Tomorrow, Today\",\"publisher\":{\"@id\":\"https:\/\/www.ktecschools.org\/#organization\"},\"potentialAction\":[{\"@type\":\"SearchAction\",\"target\":{\"@type\":\"EntryPoint\",\"urlTemplate\":\"https:\/\/www.ktecschools.org\/?s={search_term_string}\"},\"query-input\":{\"@type\":\"PropertyValueSpecification\",\"valueRequired\":true,\"valueName\":\"search_term_string\"}}],\"inLanguage\":\"es\"},{\"@type\":\"Organization\",\"@id\":\"https:\/\/www.ktecschools.org\/#organization\",\"name\":\"KTEC\",\"url\":\"https:\/\/www.ktecschools.org\/\",\"logo\":{\"@type\":\"ImageObject\",\"inLanguage\":\"es\",\"@id\":\"https:\/\/www.ktecschools.org\/#\/schema\/logo\/image\/\",\"url\":\"https:\/\/www.ktecschools.org\/wp-content\/uploads\/2022\/08\/KTEC_HSpreviewimage_082622-1.jpg\",\"contentUrl\":\"https:\/\/www.ktecschools.org\/wp-content\/uploads\/2022\/08\/KTEC_HSpreviewimage_082622-1.jpg\",\"width\":1200,\"height\":630,\"caption\":\"KTEC\"},\"image\":{\"@id\":\"https:\/\/www.ktecschools.org\/#\/schema\/logo\/image\/\"}}]}<\/script>\n<!-- \/ Yoast SEO plugin. -->","yoast_head_json":{"title":"Schedule A Tour Confirmation - KTEC Schools of Innovation","robots":{"index":"index","follow":"follow","max-snippet":"max-snippet:-1","max-image-preview":"max-image-preview:large","max-video-preview":"max-video-preview:-1"},"canonical":"http:\/\/www.ktecschools.org\/es\/schedule-a-tour-confirmation\/","og_locale":"es_MX","og_type":"article","og_title":"Schedule A Tour Confirmation - KTEC Schools of Innovation","og_url":"http:\/\/www.ktecschools.org\/es\/schedule-a-tour-confirmation\/","og_site_name":"KTEC Schools of Innovation","article_modified_time":"2025-04-24T15:42:51+00:00","og_image":[{"width":1920,"height":1080,"url":"https:\/\/www.ktecschools.org\/wp-content\/uploads\/2025\/01\/KTEC_Home-Yoast_011725_01-png.webp","type":"image\/png"}],"twitter_card":"summary_large_image","twitter_misc":{"Tiempo de lectura":"1 minuto"},"schema":{"@context":"https:\/\/schema.org","@graph":[{"@type":"WebPage","@id":"http:\/\/www.ktecschools.org\/schedule-a-tour-confirmation\/","url":"http:\/\/www.ktecschools.org\/schedule-a-tour-confirmation\/","name":"Schedule A Tour Confirmation - KTEC Schools of Innovation","isPartOf":{"@id":"https:\/\/www.ktecschools.org\/#website"},"datePublished":"2024-06-25T18:40:10+00:00","dateModified":"2025-04-24T15:42:51+00:00","breadcrumb":{"@id":"http:\/\/www.ktecschools.org\/schedule-a-tour-confirmation\/#breadcrumb"},"inLanguage":"es","potentialAction":[{"@type":"ReadAction","target":["http:\/\/www.ktecschools.org\/schedule-a-tour-confirmation\/"]}]},{"@type":"BreadcrumbList","@id":"http:\/\/www.ktecschools.org\/schedule-a-tour-confirmation\/#breadcrumb","itemListElement":[{"@type":"ListItem","position":1,"name":"Home","item":"https:\/\/www.ktecschools.org\/"},{"@type":"ListItem","position":2,"name":"Schedule A Tour Confirmation"}]},{"@type":"WebSite","@id":"https:\/\/www.ktecschools.org\/#website","url":"https:\/\/www.ktecschools.org\/","name":"Escuelas de Innovaci\u00f3n KTEC","description":"Educar hoy a los innovadores del ma\u00f1ana","publisher":{"@id":"https:\/\/www.ktecschools.org\/#organization"},"potentialAction":[{"@type":"SearchAction","target":{"@type":"EntryPoint","urlTemplate":"https:\/\/www.ktecschools.org\/?s={search_term_string}"},"query-input":{"@type":"PropertyValueSpecification","valueRequired":true,"valueName":"search_term_string"}}],"inLanguage":"es"},{"@type":"Organization","@id":"https:\/\/www.ktecschools.org\/#organization","name":"KTEC","url":"https:\/\/www.ktecschools.org\/","logo":{"@type":"ImageObject","inLanguage":"es","@id":"https:\/\/www.ktecschools.org\/#\/schema\/logo\/image\/","url":"https:\/\/www.ktecschools.org\/wp-content\/uploads\/2022\/08\/KTEC_HSpreviewimage_082622-1.jpg","contentUrl":"https:\/\/www.ktecschools.org\/wp-content\/uploads\/2022\/08\/KTEC_HSpreviewimage_082622-1.jpg","width":1200,"height":630,"caption":"KTEC"},"image":{"@id":"https:\/\/www.ktecschools.org\/#\/schema\/logo\/image\/"}}]}},"_links":{"self":[{"href":"https:\/\/www.ktecschools.org\/es\/wp-json\/wp\/v2\/pages\/3837","targetHints":{"allow":["GET"]}}],"collection":[{"href":"https:\/\/www.ktecschools.org\/es\/wp-json\/wp\/v2\/pages"}],"about":[{"href":"https:\/\/www.ktecschools.org\/es\/wp-json\/wp\/v2\/types\/page"}],"author":[{"embeddable":true,"href":"https:\/\/www.ktecschools.org\/es\/wp-json\/wp\/v2\/users\/1"}],"replies":[{"embeddable":true,"href":"https:\/\/www.ktecschools.org\/es\/wp-json\/wp\/v2\/comments?post=3837"}],"version-history":[{"count":5,"href":"https:\/\/www.ktecschools.org\/es\/wp-json\/wp\/v2\/pages\/3837\/revisions"}],"predecessor-version":[{"id":4836,"href":"https:\/\/www.ktecschools.org\/es\/wp-json\/wp\/v2\/pages\/3837\/revisions\/4836"}],"wp:attachment":[{"href":"https:\/\/www.ktecschools.org\/es\/wp-json\/wp\/v2\/media?parent=3837"}],"wp:term":[{"taxonomy":"folder","embeddable":true,"href":"https:\/\/www.ktecschools.org\/es\/wp-json\/wp\/v2\/folder?post=3837"}],"curies":[{"name":"wp","href":"https:\/\/api.w.org\/{rel}","templated":true}]}}