{"id":1089,"date":"2022-07-08T09:59:14","date_gmt":"2022-07-08T14:59:14","guid":{"rendered":"https:\/\/ktecschools.org\/?page_id=1089"},"modified":"2025-06-23T13:50:28","modified_gmt":"2025-06-23T18:50:28","slug":"recursos","status":"publish","type":"page","link":"https:\/\/www.ktecschools.org\/es\/resources\/","title":{"rendered":"Recursos"},"content":{"rendered":"<p><div class=\"fusion-fullwidth fullwidth-box fusion-builder-row-1 fusion-flex-container has-pattern-background has-mask-background nonhundred-percent-fullwidth non-hundred-percent-height-scrolling\" style=\"--awb-border-radius-top-left:0px;--awb-border-radius-top-right:0px;--awb-border-radius-bottom-right:0px;--awb-border-radius-bottom-left:0px;--awb-padding-top:35px;--awb-padding-bottom:35px;--awb-background-color:#efefef;--awb-flex-wrap:wrap;\" ><div class=\"fusion-builder-row fusion-row fusion-flex-align-items-flex-start fusion-flex-content-wrap\" style=\"max-width:1456px;margin-left: calc(-4% \/ 2 );margin-right: calc(-4% \/ 2 );\"><div class=\"fusion-layout-column fusion_builder_column fusion-builder-column-0 fusion_builder_column_1_1 1_1 fusion-flex-column\" style=\"--awb-bg-size:cover;--awb-width-large:100%;--awb-margin-top-large:0px;--awb-spacing-right-large:1.92%;--awb-margin-bottom-large:0px;--awb-spacing-left-large:1.92%;--awb-width-medium:100%;--awb-order-medium:0;--awb-spacing-right-medium:1.92%;--awb-spacing-left-medium:1.92%;--awb-width-small:100%;--awb-order-small:0;--awb-spacing-right-small:1.92%;--awb-spacing-left-small:1.92%;\"><div class=\"fusion-column-wrapper fusion-column-has-shadow fusion-flex-justify-content-flex-start fusion-content-layout-row fusion-flex-align-items-center\"><div class=\"fusion-text fusion-text-1\"><h4>Para asegurarnos de que estamos apoyando a todo el alumno, la Escuela Secundaria KTEC entiende que debemos apoyar las oportunidades que apoyan a todo el ni\u00f1o. Por favor, vuelva con frecuencia para las actualizaciones que puedan ser de inter\u00e9s para su estudiante o familia.<\/h4>\n<\/div><\/div><\/div><\/div><\/div><div class=\"fusion-fullwidth fullwidth-box fusion-builder-row-2 fusion-flex-container has-pattern-background has-mask-background nonhundred-percent-fullwidth non-hundred-percent-height-scrolling\" style=\"--awb-border-radius-top-left:0px;--awb-border-radius-top-right:0px;--awb-border-radius-bottom-right:0px;--awb-border-radius-bottom-left:0px;--awb-padding-top:60px;--awb-padding-right:60px;--awb-padding-bottom:60px;--awb-padding-left:60px;--awb-flex-wrap:wrap;\" ><div class=\"fusion-builder-row fusion-row fusion-flex-align-items-flex-start fusion-flex-content-wrap\" style=\"max-width:1456px;margin-left: calc(-4% \/ 2 );margin-right: calc(-4% \/ 2 );\"><div class=\"fusion-layout-column fusion_builder_column fusion-builder-column-1 fusion_builder_column_1_1 1_1 fusion-flex-column\" style=\"--awb-bg-size:cover;--awb-width-large:100%;--awb-margin-top-large:0px;--awb-spacing-right-large:1.92%;--awb-margin-bottom-large:20px;--awb-spacing-left-large:1.92%;--awb-width-medium:100%;--awb-order-medium:0;--awb-spacing-right-medium:1.92%;--awb-spacing-left-medium:1.92%;--awb-width-small:100%;--awb-order-small:0;--awb-spacing-right-small:1.92%;--awb-spacing-left-small:1.92%;\"><div class=\"fusion-column-wrapper fusion-column-has-shadow fusion-flex-justify-content-flex-start fusion-content-layout-column\"><div class=\"fusion-title title fusion-title-1 fusion-title-text fusion-title-size-two\" style=\"--awb-margin-top-small:0px;--awb-margin-right-small:0px;--awb-margin-bottom-small:20px;--awb-margin-left-small:0px;\"><div class=\"title-sep-container title-sep-container-left fusion-no-large-visibility fusion-no-medium-visibility fusion-no-small-visibility\"><div class=\"title-sep sep- sep-solid\" style=\"border-color:var(--awb-color3);\"><\/div><\/div><span class=\"awb-title-spacer fusion-no-large-visibility fusion-no-medium-visibility fusion-no-small-visibility\"><\/span><h2 class=\"fusion-title-heading title-heading-left fusion-responsive-typography-calculated\" style=\"margin:0;--fontSize:33;line-height:var(--awb-typography1-line-height);\">Informaci\u00f3n para padres sobre Headrush<\/h2><span class=\"awb-title-spacer\"><\/span><div class=\"title-sep-container title-sep-container-right\"><div class=\"title-sep sep- sep-solid\" style=\"border-color:var(--awb-color3);\"><\/div><\/div><\/div><div class=\"fusion-text fusion-text-2\"><p>Mant\u00e9ngase informado sobre el progreso de su hijo con el Portal del Tutor en Headrush. Esta plataforma le permite acceder a todos los detalles del itinerario educativo de su hijo en cualquier momento. Para ayudarle a navegar por Headrush con mayor eficacia, hemos recopilado una secci\u00f3n de preguntas frecuentes. Aqu\u00ed podr\u00e1 saber por d\u00f3nde empezar, c\u00f3mo ver los logros de su hijo, qu\u00e9 debe hacer a continuaci\u00f3n y d\u00f3nde puede subir las pruebas. Descubra c\u00f3mo ver y fijar las fechas de entrega, acceder a los comentarios de los asesores y conocer las calificaciones y el progreso general de su hijo.<\/p>\n<\/div><div ><a class=\"fusion-button button-flat fusion-button-default-size button-default fusion-button-default button-1 fusion-button-default-span fusion-button-default-type\" style=\"--button-border-radius-top-left:0;--button-border-radius-top-right:0;--button-border-radius-bottom-right:0;--button-border-radius-bottom-left:0;\" target=\"_blank\" rel=\"noopener noreferrer\" href=\"https:\/\/help.headrushapp.com\/en\/articles\/5760936-parent-guardian-frequently-asked-questions \"><span class=\"fusion-button-text awb-button__text awb-button__text--default\">HEADRUSH FAQ<\/span><\/a><\/div><\/div><\/div><div class=\"fusion-layout-column fusion_builder_column fusion-builder-column-2 fusion_builder_column_1_1 1_1 fusion-flex-column\" style=\"--awb-bg-size:cover;--awb-width-large:100%;--awb-margin-top-large:0px;--awb-spacing-right-large:1.92%;--awb-margin-bottom-large:20px;--awb-spacing-left-large:1.92%;--awb-width-medium:100%;--awb-order-medium:0;--awb-spacing-right-medium:1.92%;--awb-spacing-left-medium:1.92%;--awb-width-small:100%;--awb-order-small:0;--awb-spacing-right-small:1.92%;--awb-spacing-left-small:1.92%;\"><div class=\"fusion-column-wrapper fusion-column-has-shadow fusion-flex-justify-content-flex-start fusion-content-layout-column\"><div class=\"fusion-separator fusion-full-width-sep\" style=\"align-self: center;margin-left: auto;margin-right: auto;margin-top:25px;margin-bottom:25px;width:100%;\"><div class=\"fusion-separator-border sep-single sep-solid\" style=\"--awb-height:20px;--awb-amount:20px;--awb-sep-color:var(--awb-custom_color_1);border-color:var(--awb-custom_color_1);border-top-width:1px;\"><\/div><\/div><\/div><\/div><div class=\"fusion-layout-column fusion_builder_column fusion-builder-column-3 fusion_builder_column_1_2 1_2 fusion-flex-column\" style=\"--awb-bg-size:cover;--awb-width-large:50%;--awb-margin-top-large:0px;--awb-spacing-right-large:3.84%;--awb-margin-bottom-large:20px;--awb-spacing-left-large:3.84%;--awb-width-medium:100%;--awb-order-medium:0;--awb-spacing-right-medium:1.92%;--awb-spacing-left-medium:1.92%;--awb-width-small:100%;--awb-order-small:0;--awb-spacing-right-small:1.92%;--awb-spacing-left-small:1.92%;\"><div class=\"fusion-column-wrapper fusion-column-has-shadow fusion-flex-justify-content-flex-start fusion-content-layout-column\"><div class=\"fusion-title title fusion-title-2 fusion-title-text fusion-title-size-two\" style=\"--awb-margin-top-small:0px;--awb-margin-right-small:0px;--awb-margin-bottom-small:20px;--awb-margin-left-small:0px;\"><div class=\"title-sep-container title-sep-container-left fusion-no-large-visibility fusion-no-medium-visibility fusion-no-small-visibility\"><div class=\"title-sep sep- sep-solid\" style=\"border-color:var(--awb-color3);\"><\/div><\/div><span class=\"awb-title-spacer fusion-no-large-visibility fusion-no-medium-visibility fusion-no-small-visibility\"><\/span><h2 class=\"fusion-title-heading title-heading-left fusion-responsive-typography-calculated\" style=\"margin:0;--fontSize:33;line-height:var(--awb-typography1-line-height);\">Protocolo COVID<\/h2><span class=\"awb-title-spacer\"><\/span><div class=\"title-sep-container title-sep-container-right\"><div class=\"title-sep sep- sep-solid\" style=\"border-color:var(--awb-color3);\"><\/div><\/div><\/div><div class=\"fusion-text fusion-text-3\"><p>COVID-19 ha aumentado la concienciaci\u00f3n sobre la importancia de la prevenci\u00f3n y el control de las infecciones en el entorno escolar. Los aspectos b\u00e1sicos de la prevenci\u00f3n de infecciones incluyen:<\/p>\n<ul>\n<li>Quedarse en casa (no ir al colegio ni al trabajo) cuando se est\u00e1 enfermo (buscar atenci\u00f3n m\u00e9dica cuando sea necesario).<\/li>\n<li>Limpieza y desinfecci\u00f3n de aulas, materiales y superficies<\/li>\n<li>Proporcionar una buena ventilaci\u00f3n y flujo de aire<\/li>\n<li>Lavarse las manos y usar un buen protocolo al toser (usar desinfectante de manos si no hay agua disponible y cubrirse al toser).<\/li>\n<\/ul>\n<p>Aunque las mascarillas no sean obligatorias en las escuelas, cualquier persona que desee seguir utiliz\u00e1ndolas, incluidas las que se enfrentan a un mayor riesgo de COVID-19, recibir\u00e1 apoyo en esa elecci\u00f3n.<\/p>\n<p>KTEC High School anima a las familias a seguir las orientaciones del Departamento de Salud del Condado de Kenosha sobre COVID-19.<\/p>\n<p><em>El protocolo COVID de KTEC estar\u00e1 disponible en otros idiomas o formatos accesibles previa solicitud.<\/em><\/p>\n<p><a href=\"https:\/\/www.kenoshacounty.org\/2159\/COVID-19-Isolation-and-Quarantine-Guidan\">COVID-19 Gu\u00eda de aislamiento y cuarentena | Condado de Kenosha, WI - P\u00e1gina web oficial<\/a><\/p>\n<\/div><\/div><\/div><div class=\"fusion-layout-column fusion_builder_column fusion-builder-column-4 fusion_builder_column_1_2 1_2 fusion-flex-column\" style=\"--awb-bg-size:cover;--awb-width-large:50%;--awb-margin-top-large:0px;--awb-spacing-right-large:3.84%;--awb-margin-bottom-large:20px;--awb-spacing-left-large:3.84%;--awb-width-medium:100%;--awb-order-medium:0;--awb-spacing-right-medium:1.92%;--awb-spacing-left-medium:1.92%;--awb-width-small:100%;--awb-order-small:0;--awb-spacing-right-small:1.92%;--awb-spacing-left-small:1.92%;\"><div class=\"fusion-column-wrapper fusion-column-has-shadow fusion-flex-justify-content-flex-start fusion-content-layout-column\"><div class=\"fusion-title title fusion-title-3 fusion-title-text fusion-title-size-two\" style=\"--awb-margin-top-small:0px;--awb-margin-right-small:0px;--awb-margin-bottom-small:20px;--awb-margin-left-small:0px;\"><div class=\"title-sep-container title-sep-container-left fusion-no-large-visibility fusion-no-medium-visibility fusion-no-small-visibility\"><div class=\"title-sep sep- sep-solid\" style=\"border-color:var(--awb-color3);\"><\/div><\/div><span class=\"awb-title-spacer fusion-no-large-visibility fusion-no-medium-visibility fusion-no-small-visibility\"><\/span><h2 class=\"fusion-title-heading title-heading-left fusion-responsive-typography-calculated\" style=\"margin:0;--fontSize:33;line-height:var(--awb-typography1-line-height);\">Informe sobre el plomo en el agua<\/h2><span class=\"awb-title-spacer\"><\/span><div class=\"title-sep-container title-sep-container-right\"><div class=\"title-sep sep- sep-solid\" style=\"border-color:var(--awb-color3);\"><\/div><\/div><\/div><div class=\"fusion-text fusion-text-4\"><p>Estimada comunidad de KTEC High School,<\/p>\n<p>Como parte de nuestro compromiso continuo con la salud y la seguridad de los estudiantes y el personal, la Escuela Secundaria KTEC ha completado su prueba anual de plomo en el agua de acuerdo con las directrices federales y estatales.<\/p>\n<p>El 16 de mayo de 2025, un evaluador de riesgos de plomo certificado de AP Environmental recogi\u00f3 muestras de agua de m\u00faltiples accesorios de agua potable en toda la escuela, incluidas las fuentes de los pasillos y los lugares de la cafeter\u00eda. Todas las muestras fueron analizadas por un laboratorio acreditado.<\/p>\n<p><strong>Nos complace informar de que todas las instalaciones analizadas mostraban niveles de plomo muy inferiores al nivel de acci\u00f3n de la EPA de 15 partes por bill\u00f3n (ppb).<\/strong> El nivel m\u00e1s alto de plomo detectado durante estas pruebas fue de s\u00f3lo 0,25 ppb. Sobre la base de estos resultados, no hay \u00e1reas de preocupaci\u00f3n en este momento, y no se requieren medidas adicionales de remediaci\u00f3n.<\/p>\n<p>Seguiremos controlando peri\u00f3dicamente la calidad del agua y mantendremos una actitud proactiva para proteger la salud de nuestros alumnos y personal.<\/p>\n<p>Puede consultar el informe completo sobre el plomo en el agua de 2025, incluidos los lugares donde se realizaron las pruebas y los resultados, haciendo clic en el enlace <a href=\"https:\/\/www.ktecschools.org\/wp-content\/uploads\/2025\/06\/AP25_169_Water_Report.pdf\" target=\"_blank\" rel=\"noopener\">siguiente enlace<\/a>. Gracias por su continuo apoyo y confianza en KTEC High School.<\/p>\n<p>Atentamente,<br \/>\nAdministraci\u00f3n del Instituto KTEC<\/p>\n<\/div><div ><a class=\"fusion-button button-flat fusion-button-default-size button-default fusion-button-default button-2 fusion-button-default-span fusion-button-default-type\" style=\"--button-border-radius-top-left:0;--button-border-radius-top-right:0;--button-border-radius-bottom-right:0;--button-border-radius-bottom-left:0;\" target=\"_blank\" rel=\"noopener noreferrer\" href=\"https:\/\/www.ktecschools.org\/wp-content\/uploads\/2025\/06\/AP25_169_Water_Report.pdf\"><span class=\"fusion-button-text awb-button__text awb-button__text--default\">VER INFORME COMPLETO<\/span><\/a><\/div><\/div><\/div><\/div><\/div><\/p>","protected":false},"excerpt":{"rendered":"","protected":false},"author":1,"featured_media":0,"parent":0,"menu_order":0,"comment_status":"closed","ping_status":"closed","template":"100-width.php","meta":{"footnotes":""},"folder":[],"class_list":["post-1089","page","type-page","status-publish","hentry"],"yoast_head":"<!-- This site is optimized with the Yoast SEO plugin v27.2 - https:\/\/yoast.com\/product\/yoast-seo-wordpress\/ -->\n<title>Resources - KTEC Schools of Innovation<\/title>\n<meta name=\"robots\" content=\"index, follow, max-snippet:-1, max-image-preview:large, max-video-preview:-1\" \/>\n<link rel=\"canonical\" href=\"https:\/\/www.ktecschools.org\/es\/recursos\/\" \/>\n<meta property=\"og:locale\" content=\"es_MX\" \/>\n<meta property=\"og:type\" content=\"article\" \/>\n<meta property=\"og:title\" content=\"Resources - KTEC Schools of Innovation\" \/>\n<meta property=\"og:url\" content=\"https:\/\/www.ktecschools.org\/es\/recursos\/\" \/>\n<meta property=\"og:site_name\" content=\"KTEC Schools of Innovation\" \/>\n<meta property=\"article:modified_time\" content=\"2025-06-23T18:50:28+00:00\" \/>\n<meta property=\"og:image\" content=\"https:\/\/www.ktecschools.org\/wp-content\/uploads\/2025\/01\/KTEC_Home-Yoast_011725_01-png.webp\" \/>\n\t<meta property=\"og:image:width\" content=\"1920\" \/>\n\t<meta property=\"og:image:height\" content=\"1080\" \/>\n\t<meta property=\"og:image:type\" content=\"image\/png\" \/>\n<meta name=\"twitter:card\" content=\"summary_large_image\" \/>\n<meta name=\"twitter:label1\" content=\"Tiempo de lectura\" \/>\n\t<meta name=\"twitter:data1\" content=\"3 minutos\" \/>\n<script type=\"application\/ld+json\" class=\"yoast-schema-graph\">{\"@context\":\"https:\/\/schema.org\",\"@graph\":[{\"@type\":\"WebPage\",\"@id\":\"https:\/\/www.ktecschools.org\/es\/recursos\/\",\"url\":\"https:\/\/www.ktecschools.org\/es\/recursos\/\",\"name\":\"Resources - KTEC Schools of Innovation\",\"isPartOf\":{\"@id\":\"https:\/\/www.ktecschools.org\/#website\"},\"datePublished\":\"2022-07-08T14:59:14+00:00\",\"dateModified\":\"2025-06-23T18:50:28+00:00\",\"breadcrumb\":{\"@id\":\"https:\/\/www.ktecschools.org\/es\/recursos\/#breadcrumb\"},\"inLanguage\":\"es\",\"potentialAction\":[{\"@type\":\"ReadAction\",\"target\":[\"https:\/\/www.ktecschools.org\/es\/recursos\/\"]}]},{\"@type\":\"BreadcrumbList\",\"@id\":\"https:\/\/www.ktecschools.org\/es\/recursos\/#breadcrumb\",\"itemListElement\":[{\"@type\":\"ListItem\",\"position\":1,\"name\":\"Home\",\"item\":\"https:\/\/www.ktecschools.org\/\"},{\"@type\":\"ListItem\",\"position\":2,\"name\":\"Resources\"}]},{\"@type\":\"WebSite\",\"@id\":\"https:\/\/www.ktecschools.org\/#website\",\"url\":\"https:\/\/www.ktecschools.org\/\",\"name\":\"KTEC Schools of Innovation\",\"description\":\"Educating the Innovators of Tomorrow, Today\",\"publisher\":{\"@id\":\"https:\/\/www.ktecschools.org\/#organization\"},\"potentialAction\":[{\"@type\":\"SearchAction\",\"target\":{\"@type\":\"EntryPoint\",\"urlTemplate\":\"https:\/\/www.ktecschools.org\/?s={search_term_string}\"},\"query-input\":{\"@type\":\"PropertyValueSpecification\",\"valueRequired\":true,\"valueName\":\"search_term_string\"}}],\"inLanguage\":\"es\"},{\"@type\":\"Organization\",\"@id\":\"https:\/\/www.ktecschools.org\/#organization\",\"name\":\"KTEC\",\"url\":\"https:\/\/www.ktecschools.org\/\",\"logo\":{\"@type\":\"ImageObject\",\"inLanguage\":\"es\",\"@id\":\"https:\/\/www.ktecschools.org\/#\/schema\/logo\/image\/\",\"url\":\"https:\/\/www.ktecschools.org\/wp-content\/uploads\/2022\/08\/KTEC_HSpreviewimage_082622-1.jpg\",\"contentUrl\":\"https:\/\/www.ktecschools.org\/wp-content\/uploads\/2022\/08\/KTEC_HSpreviewimage_082622-1.jpg\",\"width\":1200,\"height\":630,\"caption\":\"KTEC\"},\"image\":{\"@id\":\"https:\/\/www.ktecschools.org\/#\/schema\/logo\/image\/\"}}]}<\/script>\n<!-- \/ Yoast SEO plugin. -->","yoast_head_json":{"title":"Recursos - Escuelas de Innovaci\u00f3n KTEC","robots":{"index":"index","follow":"follow","max-snippet":"max-snippet:-1","max-image-preview":"max-image-preview:large","max-video-preview":"max-video-preview:-1"},"canonical":"https:\/\/www.ktecschools.org\/es\/recursos\/","og_locale":"es_MX","og_type":"article","og_title":"Resources - KTEC Schools of Innovation","og_url":"https:\/\/www.ktecschools.org\/es\/recursos\/","og_site_name":"KTEC Schools of Innovation","article_modified_time":"2025-06-23T18:50:28+00:00","og_image":[{"width":1920,"height":1080,"url":"https:\/\/www.ktecschools.org\/wp-content\/uploads\/2025\/01\/KTEC_Home-Yoast_011725_01-png.webp","type":"image\/png"}],"twitter_card":"summary_large_image","twitter_misc":{"Tiempo de lectura":"3 minutos"},"schema":{"@context":"https:\/\/schema.org","@graph":[{"@type":"WebPage","@id":"https:\/\/www.ktecschools.org\/es\/recursos\/","url":"https:\/\/www.ktecschools.org\/es\/recursos\/","name":"Recursos - Escuelas de Innovaci\u00f3n KTEC","isPartOf":{"@id":"https:\/\/www.ktecschools.org\/#website"},"datePublished":"2022-07-08T14:59:14+00:00","dateModified":"2025-06-23T18:50:28+00:00","breadcrumb":{"@id":"https:\/\/www.ktecschools.org\/es\/recursos\/#breadcrumb"},"inLanguage":"es","potentialAction":[{"@type":"ReadAction","target":["https:\/\/www.ktecschools.org\/es\/recursos\/"]}]},{"@type":"BreadcrumbList","@id":"https:\/\/www.ktecschools.org\/es\/recursos\/#breadcrumb","itemListElement":[{"@type":"ListItem","position":1,"name":"Home","item":"https:\/\/www.ktecschools.org\/"},{"@type":"ListItem","position":2,"name":"Resources"}]},{"@type":"WebSite","@id":"https:\/\/www.ktecschools.org\/#website","url":"https:\/\/www.ktecschools.org\/","name":"Escuelas de Innovaci\u00f3n KTEC","description":"Educar hoy a los innovadores del ma\u00f1ana","publisher":{"@id":"https:\/\/www.ktecschools.org\/#organization"},"potentialAction":[{"@type":"SearchAction","target":{"@type":"EntryPoint","urlTemplate":"https:\/\/www.ktecschools.org\/?s={search_term_string}"},"query-input":{"@type":"PropertyValueSpecification","valueRequired":true,"valueName":"search_term_string"}}],"inLanguage":"es"},{"@type":"Organization","@id":"https:\/\/www.ktecschools.org\/#organization","name":"KTEC","url":"https:\/\/www.ktecschools.org\/","logo":{"@type":"ImageObject","inLanguage":"es","@id":"https:\/\/www.ktecschools.org\/#\/schema\/logo\/image\/","url":"https:\/\/www.ktecschools.org\/wp-content\/uploads\/2022\/08\/KTEC_HSpreviewimage_082622-1.jpg","contentUrl":"https:\/\/www.ktecschools.org\/wp-content\/uploads\/2022\/08\/KTEC_HSpreviewimage_082622-1.jpg","width":1200,"height":630,"caption":"KTEC"},"image":{"@id":"https:\/\/www.ktecschools.org\/#\/schema\/logo\/image\/"}}]}},"_links":{"self":[{"href":"https:\/\/www.ktecschools.org\/es\/wp-json\/wp\/v2\/pages\/1089","targetHints":{"allow":["GET"]}}],"collection":[{"href":"https:\/\/www.ktecschools.org\/es\/wp-json\/wp\/v2\/pages"}],"about":[{"href":"https:\/\/www.ktecschools.org\/es\/wp-json\/wp\/v2\/types\/page"}],"author":[{"embeddable":true,"href":"https:\/\/www.ktecschools.org\/es\/wp-json\/wp\/v2\/users\/1"}],"replies":[{"embeddable":true,"href":"https:\/\/www.ktecschools.org\/es\/wp-json\/wp\/v2\/comments?post=1089"}],"version-history":[{"count":14,"href":"https:\/\/www.ktecschools.org\/es\/wp-json\/wp\/v2\/pages\/1089\/revisions"}],"predecessor-version":[{"id":5195,"href":"https:\/\/www.ktecschools.org\/es\/wp-json\/wp\/v2\/pages\/1089\/revisions\/5195"}],"wp:attachment":[{"href":"https:\/\/www.ktecschools.org\/es\/wp-json\/wp\/v2\/media?parent=1089"}],"wp:term":[{"taxonomy":"folder","embeddable":true,"href":"https:\/\/www.ktecschools.org\/es\/wp-json\/wp\/v2\/folder?post=1089"}],"curies":[{"name":"wp","href":"https:\/\/api.w.org\/{rel}","templated":true}]}}